{"id":692,"date":"2024-03-22T15:23:08","date_gmt":"2024-03-22T08:23:08","guid":{"rendered":"https:\/\/daututhanhhoa.minhkhang.net\/?page_id=692"},"modified":"2026-03-18T16:45:38","modified_gmt":"2026-03-18T09:45:38","slug":"cac-khu-cong-nghiep-ngoai-kkt-nghi-son","status":"publish","type":"page","link":"https:\/\/investinthanhhoa.gov.vn\/fr\/cac-khu-cong-nghiep-ngoai-kkt-nghi-son","title":{"rendered":"C\u00e1c khu c\u00f4ng nghi\u1ec7p ngo\u00e0i KKT Nghi S\u01a1n"},"content":{"rendered":"<div data-elementor-type=\"wp-page\" data-elementor-id=\"692\" class=\"elementor elementor-692\" data-elementor-settings=\"{&quot;ha_cmc_init_switcher&quot;:&quot;no&quot;}\" data-elementor-post-type=\"page\">\n\t\t\t\t<div class=\"elementor-element elementor-element-9c0523f e-flex e-con-boxed e-con e-parent\" data-id=\"9c0523f\" data-element_type=\"container\" data-settings=\"{&quot;background_background&quot;:&quot;classic&quot;,&quot;_ha_eqh_enable&quot;:false}\">\n\t\t\t\t\t<div class=\"e-con-inner\">\n\t\t\t\t<div class=\"elementor-element elementor-element-11fc012 elementor-widget__width-initial elementor-widget elementor-widget-heading\" data-id=\"11fc012\" data-element_type=\"widget\" data-widget_type=\"heading.default\">\n\t\t\t\t<div class=\"elementor-widget-container\">\n\t\t\t\t\t<h1 class=\"elementor-heading-title elementor-size-default\">PARCS INDUSTRIELS \u00c0 L'EXT\u00c9RIEUR DE LA ZONE \u00c9CONOMIQUE DE NGHI SON <\/h1>\t\t\t\t<\/div>\n\t\t\t\t<\/div>\n\t\t\t\t\t<\/div>\n\t\t\t\t<\/div>\n\t\t<div class=\"elementor-element elementor-element-a3bedd0 px-24 e-flex e-con-boxed e-con e-parent\" data-id=\"a3bedd0\" data-element_type=\"container\" data-settings=\"{&quot;_ha_eqh_enable&quot;:false}\">\n\t\t\t\t\t<div class=\"e-con-inner\">\n\t\t\t\t<div class=\"elementor-element elementor-element-28dc9a9 elementor-widget__width-initial elementor-widget-mobile__width-inherit elementor-widget elementor-widget-shortcode\" data-id=\"28dc9a9\" data-element_type=\"widget\" data-widget_type=\"shortcode.default\">\n\t\t\t\t<div class=\"elementor-widget-container\">\n\t\t\t\t\t<form class=\"search-box\" method=\"get\" action=\"\" data-trp-original-action=\"\">\n\t\t<input type=\"text\" name=\"q\" placeholder=\"Entrez un nom...\" class=\"search-input\" value=\"\"><\/input>\n\t\t<button type=\"submit\" class=\"search-submit\">\n\t\t\t<img decoding=\"async\" src=\"\/wp-content\/uploads\/2024\/03\/Group-71.svg\" alt=\"\"><\/img>\n\t\t\t<span>Rechercher<\/span>\n\t\t<\/button>\n\t<input type=\"hidden\" name=\"trp-form-language\" value=\"fr\"\/><\/form><div class=\"dadt-container d-flex\"><form class=\"filter-section\" method=\"get\" action=\"\"><!-- end: Filter Ng\u00e0nh\/ L\u0129nh v\u1ef1c -->\n\n    <!-- begin: Filter \u0110\u1ecba \u0111i\u1ec3m -->\n    <div class=\"card-header\">\n        <h6 class=\"card-title\">Localisation<\/h6>\n    <\/div>\n    <div class=\"card-body\">\n\t\t<select class=\"filter-select\" id=\"ward\" name=\"phuong_xa\" style=\"width: 100%\">\n            <option value=\"\" selected>T\u1ea5t c\u1ea3 ph\u01b0\u1eddng x\u00e3<\/option>\n        <\/select>\n    <\/div>\n    <!-- end: Filter \u0110\u1ecba \u0111i\u1ec3m -->\n    <div class=\"card-footer\">\n        <button class=\"submit-btn\" type=\"submit\">Appliquer<\/button>\n    <\/div>\n<input type=\"hidden\" name=\"trp-form-language\" value=\"fr\"\/><\/form>\n<link href=\"https:\/\/cdn.jsdelivr.net\/npm\/select2@4.1.0-rc.0\/dist\/css\/select2.min.css\" rel=\"stylesheet\" \/>\n<script src=\"https:\/\/code.jquery.com\/jquery-3.6.0.min.js\"><\/script>\n<script src=\"https:\/\/cdn.jsdelivr.net\/npm\/select2@4.1.0-rc.0\/dist\/js\/select2.min.js\"><\/script>\n<style>\n .filter-section .select2-container--default .select2-selection--single {\n    border: 1px solid #ced4da;\n    height: 40px;\n    display: flex;\n    align-items: center;\n }\n .filter-section .select2-container--default .select2-selection--single .select2-selection__arrow {\n    height: 38px;\n }\n<\/style>\n<script src=\"https:\/\/cdnjs.cloudflare.com\/ajax\/libs\/axios\/0.21.1\/axios.min.js\"><\/script>\n<script>\n  var wards = document.getElementById(\"ward\");\n\n  var Parameter = {\n    url: \"https:\/\/provinces.open-api.vn\/api\/v2\/p\/38?depth=2\",\n    method: \"GET\",\n    responseType: \"application\/json\",\n  };\n  var promise = axios(Parameter);\n  promise.then(function (result) {\n    renderWards(result.data);\n  });\n\n  function renderWards(data) {\n    \/\/ S\u1eafp x\u1ebfp wards theo t\u00ean (alphabet)\n    const sortedWards = data.wards.sort((a, b) =>\n      a.name.localeCompare(b.name, \"vi\", { sensitivity: \"base\" })\n    );\n\n    for (const ward of sortedWards) {\n      var optWard = document.createElement(\"option\");\n      optWard.value = ward.name;\n      optWard.text = ward.name;\n      optWard.setAttribute(\"data-id\", ward.codename);\n      wards.options.add(optWard);\n    }\n\n    \/\/ Kh\u1edfi t\u1ea1o Select2 sau khi render xong wards\n    jQuery(document).ready(function($) {\n        $(\"#ward\").select2({\n            placeholder: \"Ch\u1ecdn ph\u01b0\u1eddng x\u00e3\",\n            allowClear: true,\n            language: {\n                noResults: function() {\n                    return \"Kh\u00f4ng t\u00ecm th\u1ea5y k\u1ebft qu\u1ea3\";\n                }\n            }\n        });\n    });\n  }\n<\/script>\n\n<main><div class=\"card-container\"><div class=\"card\"><a href=\"https:\/\/investinthanhhoa.gov.vn\/fr\/p\/cac-khu-cong-nghiep\/trung-tam-cong-nghe-thong-tin-tinh-thanh-hoa%e3%80%80\"><div class=\"card-content\"><div class=\"card-content-img\"><img decoding=\"async\" width=\"150\" height=\"150\" src=\"https:\/\/investinthanhhoa.gov.vn\/wp-content\/uploads\/2025\/02\/TAI-LIEU-XUC-TIEN-DAU-TU-TINH-THANH-HOA-TIENG-ANH-UP-1611_Print_Page_67-150x150.jpg\" class=\"card-img-top\" alt=\"\" \/><\/div><span class=\"card-title text-truncate_2_lines\">CENTRE PROVINCIAL DES TECHNOLOGIES DE L'INFORMATION DE THANH HOA<\/span><\/a><div class=\"card-info\"><span class=\"text-truncate_2_lines\"><span style=\"font-weight: bold; font-style: italic\">Localisation:<\/span> Quartier H\u1ea1c Th\u00e0nh<\/span><span><span style=\"font-weight: bold; font-style: italic\">Superficie:<\/span> 7,35 ha.\u3000 <\/span><span class=\"text-truncate_2_lines\"><span style=\"font-weight: bold; font-style: italic\">Caract\u00e9ristiques, fonctions:<\/span> - Construire un centre r\u00e9gional de stockage de donn\u00e9es (Digital Hub).<br>\r\n-  M\u1edf chi nh\u00e1nh, v\u0103n ph\u00f2ng ho\u1ea1t \u0111\u1ed9ng trong T\u00f2a nh\u00e0 Trung t\u00e2m CNTT nh\u1eb1m t\u1ea1o h\u1ec7 sinh th\u00e1i doanh nghi\u1ec7p c\u00f4ng ngh\u1ec7 s\u1ed1.<br>\r\n- \u0110\u1ea7u t\u01b0 T\u00f2a nh\u00e0 Trung t\u00e2m CNTT t\u1ec9nh Thanh H\u00f3a tr\u1edf th\u00e0nh c\u01a1 s\u1edf \u0111\u00e0o t\u1ea1o ngu\u1ed3n nh\u00e2n l\u1ef1c, chuy\u1ec3n giao c\u00f4ng ngh\u1ec7 ch\u1ea5t l\u01b0\u1ee3ng cao v\u00e0 h\u00ecnh th\u00e0nh trung t\u00e2m h\u1ed7 tr\u1ee3 thi\u1ebft k\u1ebf chip c\u1ee7a qu\u1ed1c gia. \r\n <\/span><\/div><\/div><\/div><div class=\"card\"><a href=\"https:\/\/investinthanhhoa.gov.vn\/fr\/p\/cac-khu-cong-nghiep\/khu-cong-nghiep-tuong-linh\"><div class=\"card-content\"><div class=\"card-content-img\"><img decoding=\"async\" width=\"150\" height=\"150\" src=\"https:\/\/investinthanhhoa.gov.vn\/wp-content\/uploads\/2025\/02\/Tuong-linh-2-1-1-150x150.png\" class=\"card-img-top\" alt=\"\" \/><\/div><span class=\"card-title text-truncate_2_lines\">PARC INDUSTRIEL TUONG LINH<\/span><\/a><div class=\"card-info\"><span class=\"text-truncate_2_lines\"><span style=\"font-weight: bold; font-style: italic\">Localisation:<\/span> - Situ\u00e9 sur les territoires des communes Tr\u01b0\u1eddng V\u0103n, Th\u0103ng B\u00ecnh et T\u01b0\u1ee3ng L\u0129nh.\n- Le long de la route Sao V\u00e0ng - Nghi S\u01a1n, \u00e0 185 km de la capitale Hano\u00ef, \u00e0 40 km de l'a\u00e9roport Th\u1ecd Xu\u00e2n, \u00e0 30 km du port en eau profonde de Nghi S\u01a1n, \u00e0 environ 4 km de la gare Minh Kh\u00f4i, \u00e0 4 km de l\u2019\u00e9changeur de l\u2019autoroute Nord-Sud.\r\n<\/span><span><span style=\"font-weight: bold; font-style: italic\">Superficie:<\/span> 353 ha.<\/span><span class=\"text-truncate_2_lines\"><span style=\"font-weight: bold; font-style: italic\">Caract\u00e9ristiques, fonctions:<\/span> Parc industriel de haute technologie, la priorit\u00e9 est donn\u00e9e aux industries suivantes : assemblage de composants \u00e9lectroniques, t\u00e9l\u00e9communications, technologies de l'information, etc. <\/span><\/div><\/div><\/div><div class=\"card\"><a href=\"https:\/\/investinthanhhoa.gov.vn\/fr\/p\/cac-khu-cong-nghiep\/khu-cong-nghiep-giang-quang-thinh\"><div class=\"card-content\"><div class=\"card-content-img\"><img decoding=\"async\" width=\"150\" height=\"150\" src=\"https:\/\/investinthanhhoa.gov.vn\/wp-content\/uploads\/2025\/02\/l30875d89-6714-44f0-ad34-096cc04c6377_content-2-150x150.png\" class=\"card-img-top\" alt=\"\" \/><\/div><span class=\"card-title text-truncate_2_lines\">KCN WHA SMART TECHNOLOGY 2 &#8211; THANH H\u00d3A<\/span><\/a><div class=\"card-info\"><span class=\"text-truncate_2_lines\"><span style=\"font-weight: bold; font-style: italic\">Localisation:<\/span> - Thu\u1ed9c \u0111\u1ecba ph\u1eadn x\u00e3 Thi\u1ec7u Quang\r\n- C\u00e1ch trung t\u00e2m ph\u01b0\u1eddng H\u1ea1c Th\u00e0nh 24 km, c\u00e1ch C\u1ea3ng\r\nn\u01b0\u1edbc s\u00e2u Nghi S\u01a1n 84 km; N\u1eb1m c\u1ea1nh n\u00fat giao cao t\u1ed1c B\u1eafc\r\n- Nam; c\u00e1ch c\u1ea3ng h\u00e0ng kh\u00f4ng Th\u1ecd Xu\u00e2n kho\u1ea3ng 38 km;\r\nTh\u1ee7 \u0111\u00f4 H\u00e0 N\u1ed9i 170 km.<\/span><span><span style=\"font-weight: bold; font-style: italic\">Superficie:<\/span> 175 ha.<\/span><span class=\"text-truncate_2_lines\"><span style=\"font-weight: bold; font-style: italic\">Caract\u00e9ristiques, fonctions:<\/span> L\u00e0 Khu c\u00f4ng nghi\u1ec7p \u0111a ng\u00e0nh, trong \u0111\u00f3 \u01b0u ti\u00ean c\u00f4ng nghi\u1ec7p c\u00f4ng ngh\u1ec7 cao; c\u00f4ng nghi\u1ec7p ch\u1ebf bi\u1ebfn ch\u1ebf t\u1ea1o, c\u01a1\r\nkh\u00ed, \u00f4 t\u00f4; c\u00f4ng nghi\u1ec7p d\u01b0\u1ee3c; c\u00f4ng nghi\u1ec7p th\u1ef1c ph\u1ea9m... <\/span><\/div><\/div><\/div><div class=\"card\"><a href=\"https:\/\/investinthanhhoa.gov.vn\/fr\/p\/cac-khu-cong-nghiep\/khu-cong-nghiep-phu-quy\"><div class=\"card-content\"><div class=\"card-content-img\"><img loading=\"lazy\" decoding=\"async\" width=\"150\" height=\"150\" src=\"https:\/\/investinthanhhoa.gov.vn\/wp-content\/uploads\/2024\/04\/KCN-PHU-QUY-1-150x150.jpg\" class=\"card-img-top\" alt=\"\" srcset=\"https:\/\/investinthanhhoa.gov.vn\/wp-content\/uploads\/2024\/04\/KCN-PHU-QUY-1-150x150.jpg 150w, https:\/\/investinthanhhoa.gov.vn\/wp-content\/uploads\/2024\/04\/KCN-PHU-QUY-1-300x297.jpg 300w, https:\/\/investinthanhhoa.gov.vn\/wp-content\/uploads\/2024\/04\/KCN-PHU-QUY-1-12x12.jpg 12w\" sizes=\"(max-width: 150px) 100vw, 150px\" \/><\/div><span class=\"card-title text-truncate_2_lines\">KCN WHA SMART TECHNOLOGY &#8211; THANH H\u00d3A<\/span><\/a><div class=\"card-info\"><span class=\"text-truncate_2_lines\"><span style=\"font-weight: bold; font-style: italic\">Localisation:<\/span> - Thu\u1ed9c \u0111\u1ecba ph\u1eadn x\u00e3 Ho\u1eb1ng S\u01a1n, x\u00e3 Ho\u1eb1ng Ph\u00fa & x\u00e3\r\nHo\u1eb1ng Giang\r\n- Gi\u00e1p Qu\u1ed1c l\u1ed9 1A, c\u00e1ch C\u1ea3ng n\u01b0\u1edbc s\u00e2u Nghi S\u01a1n 70 km;\r\nc\u1ea3ng h\u00e0ng kh\u00f4ng Th\u1ecd Xu\u00e2n kho\u1ea3ng 40 km, Th\u1ee7 \u0111\u00f4 H\u00e0\r\nN\u1ed9i 145 km.<\/span><span><span style=\"font-weight: bold; font-style: italic\">Superficie:<\/span> 178,51 ha.<\/span><span class=\"text-truncate_2_lines\"><span style=\"font-weight: bold; font-style: italic\">Caract\u00e9ristiques, fonctions:<\/span> L\u00e0 Khu c\u00f4ng nghi\u1ec7p \u0111a ng\u00e0nh, trong \u0111\u00f3 \u01b0u ti\u00ean c\u00f4ng\r\nnghi\u1ec7p c\u00f4ng ngh\u1ec7 cao; c\u00f4ng nghi\u1ec7p ch\u1ebf bi\u1ebfn ch\u1ebf t\u1ea1o,\r\nc\u01a1 kh\u00ed, \u00f4 t\u00f4; c\u00f4ng nghi\u1ec7p d\u01b0\u1ee3c; c\u00f4ng nghi\u1ec7p th\u1ef1c ph\u1ea9m\u2026 <\/span><\/div><\/div><\/div><div class=\"card\"><a href=\"https:\/\/investinthanhhoa.gov.vn\/fr\/p\/cac-khu-cong-nghiep\/kcn-phia-tay-tp-thanh-hoa\"><div class=\"card-content\"><div class=\"card-content-img\"><img loading=\"lazy\" decoding=\"async\" width=\"150\" height=\"150\" src=\"https:\/\/investinthanhhoa.gov.vn\/wp-content\/uploads\/2024\/04\/kcn-phia-Tay-tp-Thanh-Hoa-150x150.png\" class=\"card-img-top\" alt=\"\" \/><\/div><span class=\"card-title text-truncate_2_lines\">KHU C\u00d4NG NGHI\u1ec6P TH\u0102NG LONG THANH H\u00d3A<\/span><\/a><div class=\"card-info\"><span class=\"text-truncate_2_lines\"><span style=\"font-weight: bold; font-style: italic\">Localisation:<\/span> - Thu\u1ed9c \u0111\u1ecba ph\u1eadn ph\u01b0\u1eddng \u0110\u00f4ng Quang, ph\u01b0\u1eddng \u0110\u00f4ng\r\nS\u01a1n v\u00e0 x\u00e3 \u0110\u1ed3ng Ti\u1ebfn\r\nC\u00e1ch Trung t\u00e2m Ph\u01b0\u1eddng H\u1ea1c Th\u00e0nh 17 km, C\u00e1ch C\u1ea3ng\r\nn\u01b0\u1edbc s\u00e2u Nghi S\u01a1n 68 km; C\u00e1ch n\u00fat giao cao t\u1ed1c B\u1eafc \u2013\r\nNam 1 km; c\u00e1ch c\u1ea3ng h\u00e0ng kh\u00f4ng Th\u1ecd Xu\u00e2n kho\u1ea3ng 32\r\nkm; c\u00e1ch Th\u1ee7 \u0111\u00f4 H\u00e0 N\u1ed9i 152 km.<\/span><span><span style=\"font-weight: bold; font-style: italic\">Superficie:<\/span> 167 ha, di\u1ec7n t\u00edch \u0111\u1ea5t c\u00f4ng nghi\u1ec7p v\u00e0 \u0111\u1ea5t d\u1ecbch v\u1ee5 c\u00f3 th\u1ec3 cho thu\u00ea 121,3 ha.<\/span><span class=\"text-truncate_2_lines\"><span style=\"font-weight: bold; font-style: italic\">Caract\u00e9ristiques, fonctions:<\/span> L\u00e0 khu c\u00f4ng nghi\u1ec7p \u0111a ng\u00e0nh, \u1ee9ng d\u1ee5ng c\u00f4ng ngh\u1ec7 cao\r\nth\u00e2n thi\u1ec7n v\u1edbi m\u00f4i tr\u01b0\u1eddng, h\u01b0\u1edbng \u0111\u1ebfn c\u00f4ng nghi\u1ec7p 4.0,\r\n\u01b0u ti\u00ean c\u00e1c ng\u00e0nh ngh\u1ec1: \u0111i\u1ec7n - \u0111i\u1ec7n t\u1eed, vi\u1ec5n th\u00f4ng; c\u01a1 kh\u00ed\r\nch\u1ebf t\u1ea1o; c\u01a1 kh\u00ed ch\u00ednh x\u00e1c; c\u00f4ng nghi\u1ec7p \u00f4 t\u00f4, xe m\u00e1y, thi\u1ebft b\u1ecb\r\nx\u00e2y d\u1ef1ng, thi\u1ebft b\u1ecb y t\u1ebf; s\u1ea3n xu\u1ea5t h\u00e0ng gia d\u1ee5ng v\u00e0 c\u00e1c s\u1ea3n\r\nph\u1ea9m c\u00f4ng nghi\u1ec7p h\u1ed7 tr\u1ee3. <\/span><\/div><\/div><\/div><div class=\"card\"><a href=\"https:\/\/investinthanhhoa.gov.vn\/fr\/p\/cac-khu-cong-nghiep\/khu-cong-nghiep-lam-son-sao-vang\"><div class=\"card-content\"><div class=\"card-content-img\"><img loading=\"lazy\" decoding=\"async\" width=\"150\" height=\"150\" src=\"https:\/\/investinthanhhoa.gov.vn\/wp-content\/uploads\/2024\/04\/KCN-Lam-Son-Sao-Vang-150x150.png\" class=\"card-img-top\" alt=\"\" \/><\/div><span class=\"card-title text-truncate_2_lines\">PARC INDUSTRIEL LAM SON - SAO VANG<\/span><\/a><div class=\"card-info\"><span class=\"text-truncate_2_lines\"><span style=\"font-weight: bold; font-style: italic\">Localisation:<\/span> - Thu\u1ed9c \u0111\u1ecba ph\u1eadn x\u00e3 Sao V\u00e0ng v\u00e0 x\u00e3 Th\u1ecd B\u00ecnh.\r\n- N\u1eb1m c\u1ea1nh tr\u1ee5c \u0111\u01b0\u1eddng H\u1ed3 Ch\u00ed Minh, c\u00e1ch s\u00e2n bay Th\u1ecd\r\nXu\u00e2n kho\u1ea3ng 2 km, c\u00e1ch c\u1ea3ng n\u01b0\u1edbc s\u00e2u Nghi S\u01a1n 68km,\r\nTh\u1ee7 \u0111\u00f4 H\u00e0 N\u1ed9i 180 km.<\/span><span><span style=\"font-weight: bold; font-style: italic\">Superficie:<\/span> 533.9h, di\u00ean t\u00edch \u0111\u1ea5t c\u00f4ng nghi\u1ec7p v\u00e0 \u0111\u1ea5t d\u1ecbch v\u1ee5 c\u00f3 th\u1ec3 cho thu\u00ea \u0111\u1ea5t 388.1ha.<\/span><span class=\"text-truncate_2_lines\"><span style=\"font-weight: bold; font-style: italic\">Caract\u00e9ristiques, fonctions:<\/span> L\u00e0 khu c\u00f4ng nghi\u1ec7p hi\u1ec7n \u0111\u1ea1i, \u0111a ng\u00e0nh, s\u1eed d\u1ee5ng c\u00f4ng\r\nngh\u1ec7 cao, s\u1ea3n xu\u1ea5t, l\u1eafp r\u00e1p linh ki\u1ec7n \u0111i\u1ec7n t\u1eed, ch\u00edp b\u00e1n d\u1eabn,\r\nthi\u1ebft b\u1ecb vi\u1ec5n th\u00f4ng... <\/span><\/div><\/div><\/div><div class=\"card\"><a href=\"https:\/\/investinthanhhoa.gov.vn\/fr\/p\/cac-khu-cong-nghiep\/khu-cong-nghiep-bai-tranh\"><div class=\"card-content\"><div class=\"card-content-img\"><img loading=\"lazy\" decoding=\"async\" width=\"150\" height=\"150\" src=\"https:\/\/investinthanhhoa.gov.vn\/wp-content\/uploads\/2024\/04\/So-do-vi-tri-gioi-han-khu-dat-lap-quy-hoach-150x150.jpg\" class=\"card-img-top\" alt=\"\" \/><\/div><span class=\"card-title text-truncate_2_lines\">Parc industriel Bai Tranh<\/span><\/a><div class=\"card-info\"><span class=\"text-truncate_2_lines\"><span style=\"font-weight: bold; font-style: italic\">Localisation:<\/span> Commune de Xuan Binh<\/span><span><span style=\"font-weight: bold; font-style: italic\">Superficie:<\/span> 116 ha<\/span><span class=\"text-truncate_2_lines\"><span style=\"font-weight: bold; font-style: italic\">Caract\u00e9ristiques, fonctions:<\/span> Le parc industriel concentr\u00e9 de la province associ\u00e9 \u00e0 la ville de Bai Tranh, est un point de liaison entre la zone \u00e9conomique de Nghi S\u01a1n et la route Ho Chi Minh. Les secteurs appelant \u00e0 l'investissement comprennent : les services de logistique, les industries auxiliaires pour le parc industriel de Nghi Son, l'emballage, l'industrie de transformation des produits agricoles et forestiers, l'exploitation mini\u00e8re, la production de mat\u00e9riaux de construction et la m\u00e9canique de r\u00e9paration. <\/span><\/div><\/div><\/div><div class=\"card\"><a href=\"https:\/\/investinthanhhoa.gov.vn\/fr\/p\/cac-khu-cong-nghiep\/kcn-dinh-huong-tay-bac-ga\"><div class=\"card-content\"><div class=\"card-content-img\"><img loading=\"lazy\" decoding=\"async\" width=\"150\" height=\"150\" src=\"https:\/\/investinthanhhoa.gov.vn\/wp-content\/uploads\/2024\/04\/kcn-Dinh-Huong-tay-bacgia-150x150.jpg\" class=\"card-img-top\" alt=\"\" \/><\/div><span class=\"card-title text-truncate_2_lines\">Parc industriel Dinh Huong - Tay Bac Ga<\/span><\/a><div class=\"card-info\"><span class=\"text-truncate_2_lines\"><span style=\"font-weight: bold; font-style: italic\">Localisation:<\/span> Ph\u01b0\u1eddng H\u00e0m R\u1ed3ng<\/span><span><span style=\"font-weight: bold; font-style: italic\">Superficie:<\/span> 200.11 ha<\/span><span class=\"text-truncate_2_lines\"><span style=\"font-weight: bold; font-style: italic\">Caract\u00e9ristiques, fonctions:<\/span> Zone industrielle concentr\u00e9e avec une taille moyenne et petite appartenant \u00e0 tous les secteurs \u00e9conomiques ; secteurs attirant des investissements : Industrie de l'assemblage, r\u00e9paration, m\u00e9canique, textile, biens de consommation, entrep\u00f4ts, transformation des produits agricoles et forestiers, services de transport... <\/span><\/div><\/div><\/div><div class=\"card\"><a href=\"https:\/\/investinthanhhoa.gov.vn\/fr\/p\/cac-khu-cong-nghiep\/kcn-bim-son\"><div class=\"card-content\"><div class=\"card-content-img\"><img loading=\"lazy\" decoding=\"async\" width=\"150\" height=\"150\" src=\"https:\/\/investinthanhhoa.gov.vn\/wp-content\/uploads\/2024\/03\/kcn-Bim-son-150x150.jpg\" class=\"card-img-top\" alt=\"\" \/><\/div><span class=\"card-title text-truncate_2_lines\">PARC INDUSTRIEL BIM SON<\/span><\/a><div class=\"card-info\"><span class=\"text-truncate_2_lines\"><span style=\"font-weight: bold; font-style: italic\">Localisation:<\/span> - Thu\u1ed9c ph\u01b0\u1eddng Quang Trung \u1edf ph\u00eda B\u1eafc t\u1ec9nh Thanh Ho\u00e1\r\n- N\u1eb1m c\u1ea1nh Qu\u1ed1c l\u1ed9 1A, C\u00e1ch th\u1ee7 \u0111\u00f4 H\u00e0 N\u1ed9i 120km v\u1ec1 ph\u00eda\r\nNam; c\u00e1ch C\u1ea3ng H\u1ea3i Ph\u00f2ng 120 km, c\u1ea3ng Nghi S\u01a1n 75\r\nkm, C\u1ea3ng H\u00e0ng kh\u00f4ng Th\u1ecd Xu\u00e2n 75 km; c\u00f3 tuy\u1ebfn \u0111\u01b0\u1eddng\r\ns\u1eaft B\u1eafc - Nam ch\u1ea1y qua.<\/span><span><span style=\"font-weight: bold; font-style: italic\">Superficie:<\/span> 524,29 ha, \u0111\u01b0\u1ee3c ph\u00e2n th\u00e0nh 3 khu: B\u1eafc khu A: di\u1ec7n t\u00edch 163 ha, Nam khu A: di\u1ec7n t\u00edch 145 ha v\u00e0 Khu B di\u1ec7n t\u00edch: 216,29 ha.<\/span><span class=\"text-truncate_2_lines\"><span style=\"font-weight: bold; font-style: italic\">Caract\u00e9ristiques, fonctions:<\/span> D\u1ec7t may, da gi\u1ea7y, s\u1ea3n xu\u1ea5t v\u00e0 l\u1eafp r\u00e1p \u00f4t\u00f4, c\u01a1 kh\u00ed ch\u1ebf t\u1ea1o,\r\ns\u1ea3n xu\u1ea5t v\u1eadt li\u1ec7u x\u00e2y d\u1ef1ng cao c\u1ea5p, s\u1ea3n xu\u1ea5t k\u1ebft c\u1ea5u th\u00e9p,\r\n\u0111i\u1ec7n t\u1eed, s\u1ea3n ph\u1ea9m c\u00f4ng ngh\u1ec7 cao, ch\u1ebf bi\u1ebfn n\u00f4ng, l\u00e2m s\u1ea3n\r\nxu\u1ea5t kh\u1ea9u. <\/span><\/div><\/div><\/div><\/div><div class=\"content-pagination\"><div class=\"page-numbers current\">1<\/div><a class=\"page-numbers\" href=\"https:\/\/investinthanhhoa.gov.vn\/fr\/wp-json\/wp\/v2\/pages\/692\/page\/2\">2<\/a><a class=\"page-numbers\" href=\"https:\/\/investinthanhhoa.gov.vn\/fr\/wp-json\/wp\/v2\/pages\/692\/page\/3\">3<\/a><\/div><\/div><\/main>\n<script>\n    document.addEventListener(\"DOMContentLoaded\", function () {\n        var showMoreBtn = document.querySelector(\".show-more-btn\");\n        var checkboxes = document.querySelectorAll(\".checklist label\");\n\n        showMoreBtn.addEventListener(\"click\", function () {\n            for (var i = 4; i < checkboxes.length; i++) {\n                checkboxes[i].classList.toggle(\"hidden\");\n            }\n            \n \u00a0 \u00a0 \u00a0 \u00a0 \u00a0 \u00a0if (showMoreBtn.textContent === \"Xem th\u00eam\") {\n \u00a0 \u00a0 \u00a0 \u00a0 \u00a0 \u00a0 \u00a0 \u00a0showMoreBtn.textContent = \"Thu g\u1ecdn\";\n            } else {\n                showMoreBtn.textContent = \"Xem th\u00eam\";\n            }\n        });\n    });\n<\/script>\n  \t\t<div class=\"elementor-shortcode\"><\/div>\n\t\t\t\t\t\t<\/div>\n\t\t\t\t<\/div>\n\t\t\t\t\t<\/div>\n\t\t\t\t<\/div>\n\t\t<div class=\"elementor-element elementor-element-c04a49b e-flex e-con-boxed e-con e-parent\" data-id=\"c04a49b\" data-element_type=\"container\" data-settings=\"{&quot;_ha_eqh_enable&quot;:false}\">\n\t\t\t\t\t<div class=\"e-con-inner\">\n\t\t\t\t<div class=\"elementor-element elementor-element-47886a7 elementor-widget elementor-widget-spacer\" data-id=\"47886a7\" data-element_type=\"widget\" data-widget_type=\"spacer.default\">\n\t\t\t\t<div class=\"elementor-widget-container\">\n\t\t\t\t\t\t\t<div class=\"elementor-spacer\">\n\t\t\t<div class=\"elementor-spacer-inner\"><\/div>\n\t\t<\/div>\n\t\t\t\t\t\t<\/div>\n\t\t\t\t<\/div>\n\t\t\t\t\t<\/div>\n\t\t\t\t<\/div>\n\t\t\t\t<\/div>","protected":false},"excerpt":{"rendered":"<p>PARCS INDUSTRIELS \u00c0 L'EXT\u00c9RIEUR DE LA ZONE \u00c9CONOMIQUE DE NGHI SON<\/p>","protected":false},"author":1,"featured_media":0,"parent":0,"menu_order":0,"comment_status":"closed","ping_status":"closed","template":"","meta":{"inline_featured_image":false,"footnotes":""},"class_list":["post-692","page","type-page","status-publish","hentry"],"acf":[],"_links":{"self":[{"href":"https:\/\/investinthanhhoa.gov.vn\/fr\/wp-json\/wp\/v2\/pages\/692","targetHints":{"allow":["GET"]}}],"collection":[{"href":"https:\/\/investinthanhhoa.gov.vn\/fr\/wp-json\/wp\/v2\/pages"}],"about":[{"href":"https:\/\/investinthanhhoa.gov.vn\/fr\/wp-json\/wp\/v2\/types\/page"}],"author":[{"embeddable":true,"href":"https:\/\/investinthanhhoa.gov.vn\/fr\/wp-json\/wp\/v2\/users\/1"}],"replies":[{"embeddable":true,"href":"https:\/\/investinthanhhoa.gov.vn\/fr\/wp-json\/wp\/v2\/comments?post=692"}],"version-history":[{"count":6,"href":"https:\/\/investinthanhhoa.gov.vn\/fr\/wp-json\/wp\/v2\/pages\/692\/revisions"}],"predecessor-version":[{"id":12268,"href":"https:\/\/investinthanhhoa.gov.vn\/fr\/wp-json\/wp\/v2\/pages\/692\/revisions\/12268"}],"wp:attachment":[{"href":"https:\/\/investinthanhhoa.gov.vn\/fr\/wp-json\/wp\/v2\/media?parent=692"}],"curies":[{"name":"wp","href":"https:\/\/api.w.org\/{rel}","templated":true}]}}