{"id":3876,"date":"2024-04-06T16:00:54","date_gmt":"2024-04-06T09:00:54","guid":{"rendered":"https:\/\/daututhanhhoa.minhkhang.net\/?page_id=3876"},"modified":"2026-03-10T10:29:54","modified_gmt":"2026-03-10T03:29:54","slug":"thong-tin-quy-hoach","status":"publish","type":"page","link":"https:\/\/investinthanhhoa.gov.vn\/ru\/thong-tin-quy-hoach","title":{"rendered":"Th\u00f4ng tin quy ho\u1ea1ch"},"content":{"rendered":"<div data-elementor-type=\"wp-page\" data-elementor-id=\"3876\" class=\"elementor elementor-3876\" data-elementor-settings=\"{&quot;ha_cmc_init_switcher&quot;:&quot;no&quot;}\" data-elementor-post-type=\"page\">\n\t\t\t\t<div class=\"elementor-element elementor-element-dfbd367 e-flex e-con-boxed e-con e-parent\" data-id=\"dfbd367\" data-element_type=\"container\" data-settings=\"{&quot;background_background&quot;:&quot;classic&quot;,&quot;_ha_eqh_enable&quot;:false}\">\n\t\t\t\t\t<div class=\"e-con-inner\">\n\t\t\t\t<div class=\"elementor-element elementor-element-52c5849 elementor-widget__width-initial elementor-widget elementor-widget-heading\" data-id=\"52c5849\" data-element_type=\"widget\" data-widget_type=\"heading.default\">\n\t\t\t\t<div class=\"elementor-widget-container\">\n\t\t\t\t\t<h1 class=\"elementor-heading-title elementor-size-default\">\u041f\u041b\u0410\u041d\u0418\u0420\u041e\u0412\u0410\u041d\u0418\u0415 \u042d\u041a\u041e\u041d\u041e\u041c\u0418\u0427\u0415\u0421\u041a\u0418\u0425 \u0417\u041e\u041d, \u043f\u0440\u043e\u043c\u044b\u0448\u043b\u0435\u043d\u043d\u044b\u0445 \u043f\u0430\u0440\u043a\u043e\u0432 \u0438 \u043f\u0440\u043e\u043c\u044b\u0448\u043b\u0435\u043d\u043d\u044b\u0445 \u043a\u043b\u0430\u0441\u0442\u0435\u0440\u043e\u0432<\/h1>\t\t\t\t<\/div>\n\t\t\t\t<\/div>\n\t\t\t\t\t<\/div>\n\t\t\t\t<\/div>\n\t\t<div class=\"elementor-element elementor-element-cf73ae1 px-24 e-flex e-con-boxed e-con e-parent\" data-id=\"cf73ae1\" data-element_type=\"container\" data-settings=\"{&quot;_ha_eqh_enable&quot;:false}\">\n\t\t\t\t\t<div class=\"e-con-inner\">\n\t\t\t\t<div class=\"elementor-element elementor-element-f58eff5 elementor-widget elementor-widget-shortcode\" data-id=\"f58eff5\" data-element_type=\"widget\" data-widget_type=\"shortcode.default\">\n\t\t\t\t<div class=\"elementor-widget-container\">\n\t\t\t\t\t<form class=\"search-box\" method=\"get\" action=\"\" data-trp-original-action=\"\">\n\t\t<input type=\"text\" name=\"q\" placeholder=\"\u0412\u0432\u0435\u0434\u0438\u0442\u0435 \u043d\u0430\u0437\u0432\u0430\u043d\u0438\u0435...\" class=\"search-input\" value=\"\"><\/input>\n\t\t<div class=\"search-select\">\n\t\t\t<select name=\"quy_mo\">\n\t\t\t\t<option value=\"\">\u0412\u0441\u0435 \u043c\u0430\u0441\u0448\u0442\u0430\u0431\u044b<\/option>\n\t\t\t\t<option value=\"main-ktt-nghi-son\">Khu kinh t\u1ebf<\/option>\n\t\t\t\t<option value=\"kkt-nghi-son\">KCN trong KKT Nghi S\u01a1n<\/option>\n\t\t\t\t<option value=\"cac-khu-cong-nghiep\">KCN ngo\u00e0i KKT Nghi S\u01a1n<\/option>\n\t\t\t\t<option value=\"cac-cum-cong-nghiep\">\u041f\u0420\u041e\u041c\u042b\u0428\u041b\u0415\u041d\u041d\u042b\u0425 \u041a\u041b\u0410\u0421\u0422\u0415\u0420\u041e\u0412,<\/option>\n\t\t\t\t<option value=\"du-an-dau-tu\">D\u1ef1 \u00e1n \u0111\u00e3 \u0111\u1ea7u t\u01b0<\/option>\n\t\t\t<\/select>\n\t\t\t<button type=\"submit\" class=\"search-submit\">\n\t\t\t\t<img decoding=\"async\" src=\"\/wp-content\/uploads\/2024\/03\/Group-71.svg\" alt=\"\"><\/img>\n\t\t\t<\/button>\n\t\t<\/div>\n\t\t\n\t<input type=\"hidden\" name=\"trp-form-language\" value=\"ru\"\/><\/form><div class='search-err-msg'>\u041e\u0442\u043e\u0431\u0440\u0430\u0436\u0430\u044e\u0442\u0441\u044f \u0432\u0441\u0435 \u043c\u0435\u0441\u0442\u043e\u043f\u043e\u043b\u043e\u0436\u0435\u043d\u0438\u044f<\/div>\t\t<div class=\"elementor-shortcode\">\n<\/div>\n\t\t\t\t\t\t<\/div>\n\t\t\t\t<\/div>\n\t\t\t\t\t<\/div>\n\t\t\t\t<\/div>\n\t\t<div class=\"elementor-element elementor-element-df8d90a e-flex e-con-boxed e-con e-parent\" data-id=\"df8d90a\" data-element_type=\"container\" data-settings=\"{&quot;_ha_eqh_enable&quot;:false}\">\n\t\t\t\t\t<div class=\"e-con-inner\">\n\t\t\t\t\t<\/div>\n\t\t\t\t<\/div>\n\t\t\t\t<\/div>","protected":false},"excerpt":{"rendered":"<p>\u041f\u041b\u0410\u041d\u0418\u0420\u041e\u0412\u0410\u041d\u0418\u0415 \u042d\u041a\u041e\u041d\u041e\u041c\u0418\u0427\u0415\u0421\u041a\u0418\u0425 \u0417\u041e\u041d, \u043f\u0440\u043e\u043c\u044b\u0448\u043b\u0435\u043d\u043d\u044b\u0445 \u043f\u0430\u0440\u043a\u043e\u0432 \u0438 \u043f\u0440\u043e\u043c\u044b\u0448\u043b\u0435\u043d\u043d\u044b\u0445 \u043a\u043b\u0430\u0441\u0442\u0435\u0440\u043e\u0432<\/p>","protected":false},"author":1,"featured_media":0,"parent":0,"menu_order":0,"comment_status":"closed","ping_status":"closed","template":"","meta":{"inline_featured_image":false,"footnotes":""},"class_list":["post-3876","page","type-page","status-publish","hentry"],"acf":[],"_links":{"self":[{"href":"https:\/\/investinthanhhoa.gov.vn\/ru\/wp-json\/wp\/v2\/pages\/3876","targetHints":{"allow":["GET"]}}],"collection":[{"href":"https:\/\/investinthanhhoa.gov.vn\/ru\/wp-json\/wp\/v2\/pages"}],"about":[{"href":"https:\/\/investinthanhhoa.gov.vn\/ru\/wp-json\/wp\/v2\/types\/page"}],"author":[{"embeddable":true,"href":"https:\/\/investinthanhhoa.gov.vn\/ru\/wp-json\/wp\/v2\/users\/1"}],"replies":[{"embeddable":true,"href":"https:\/\/investinthanhhoa.gov.vn\/ru\/wp-json\/wp\/v2\/comments?post=3876"}],"version-history":[{"count":3,"href":"https:\/\/investinthanhhoa.gov.vn\/ru\/wp-json\/wp\/v2\/pages\/3876\/revisions"}],"predecessor-version":[{"id":12184,"href":"https:\/\/investinthanhhoa.gov.vn\/ru\/wp-json\/wp\/v2\/pages\/3876\/revisions\/12184"}],"wp:attachment":[{"href":"https:\/\/investinthanhhoa.gov.vn\/ru\/wp-json\/wp\/v2\/media?parent=3876"}],"curies":[{"name":"wp","href":"https:\/\/api.w.org\/{rel}","templated":true}]}}