{"id":3416,"date":"2024-03-29T14:31:27","date_gmt":"2024-03-29T07:31:27","guid":{"rendered":"https:\/\/daututhanhhoa.minhkhang.net\/?page_id=3416"},"modified":"2026-03-18T16:44:34","modified_gmt":"2026-03-18T09:44:34","slug":"cac-cum-cong-nghiep","status":"publish","type":"page","link":"https:\/\/investinthanhhoa.gov.vn\/vi\/cac-cum-cong-nghiep","title":{"rendered":"C\u00e1c c\u1ee5m c\u00f4ng nghi\u1ec7p"},"content":{"rendered":"\t\t<div data-elementor-type=\"wp-page\" data-elementor-id=\"3416\" class=\"elementor elementor-3416\" data-elementor-settings=\"{&quot;ha_cmc_init_switcher&quot;:&quot;no&quot;}\" data-elementor-post-type=\"page\">\n\t\t\t\t<div class=\"elementor-element elementor-element-9c0523f e-flex e-con-boxed e-con e-parent\" data-id=\"9c0523f\" data-element_type=\"container\" data-settings=\"{&quot;background_background&quot;:&quot;classic&quot;,&quot;_ha_eqh_enable&quot;:false}\">\n\t\t\t\t\t<div class=\"e-con-inner\">\n\t\t\t\t<div class=\"elementor-element elementor-element-11fc012 elementor-widget__width-initial elementor-widget elementor-widget-heading\" data-id=\"11fc012\" data-element_type=\"widget\" data-widget_type=\"heading.default\">\n\t\t\t\t<div class=\"elementor-widget-container\">\n\t\t\t\t\t<h1 class=\"elementor-heading-title elementor-size-default\">C\u00c1C C\u1ee4M C\u00d4NG NGHI\u1ec6P<\/h1>\t\t\t\t<\/div>\n\t\t\t\t<\/div>\n\t\t\t\t\t<\/div>\n\t\t\t\t<\/div>\n\t\t<div class=\"elementor-element elementor-element-c765cb8 px-24 e-flex e-con-boxed e-con e-parent\" data-id=\"c765cb8\" data-element_type=\"container\" data-settings=\"{&quot;_ha_eqh_enable&quot;:false}\">\n\t\t\t\t\t<div class=\"e-con-inner\">\n\t\t\t\t<div class=\"elementor-element elementor-element-f40255e elementor-widget__width-initial elementor-widget-mobile__width-inherit elementor-widget elementor-widget-shortcode\" data-id=\"f40255e\" data-element_type=\"widget\" data-widget_type=\"shortcode.default\">\n\t\t\t\t<div class=\"elementor-widget-container\">\n\t\t\t\t\t<form class=\"search-box\" method=\"get\" action=\"\">\n\t\t<input type=\"text\" name=\"q\" placeholder=\"Nh\u1eadp t\u00ean ...\" class=\"search-input\" value=\"\"><\/input>\n\t\t<button type=\"submit\" class=\"search-submit\">\n\t\t\t<img decoding=\"async\" src=\"\/wp-content\/uploads\/2024\/03\/Group-71.svg\" alt=\"\"><\/img>\n\t\t\t<span>T\u00ecm ki\u1ebfm<\/span>\n\t\t<\/button>\n\t<\/form><div class=\"dadt-container d-flex\"><form class=\"filter-section\" method=\"get\"><!-- end: Filter Ng\u00e0nh\/ L\u0129nh v\u1ef1c -->\n\n    <!-- begin: Filter \u0110\u1ecba \u0111i\u1ec3m -->\n    <div class=\"card-header\">\n        <h6 class=\"card-title\">\u0110\u1ecba \u0111i\u1ec3m<\/h6>\n    <\/div>\n    <div class=\"card-body\">\n\t\t<select class=\"filter-select\" id=\"ward\" name=\"phuong_xa\" style=\"width: 100%\">\n            <option value=\"\" selected>T\u1ea5t c\u1ea3 ph\u01b0\u1eddng x\u00e3<\/option>\n        <\/select>\n    <\/div>\n    <!-- end: Filter \u0110\u1ecba \u0111i\u1ec3m -->\n    <div class=\"card-footer\">\n        <button class=\"submit-btn\" type=\"submit\">\u00c1p d\u1ee5ng<\/button>\n    <\/div>\n<\/form>\n<link href=\"https:\/\/cdn.jsdelivr.net\/npm\/select2@4.1.0-rc.0\/dist\/css\/select2.min.css\" rel=\"stylesheet\" \/>\n<script src=\"https:\/\/code.jquery.com\/jquery-3.6.0.min.js\"><\/script>\n<script src=\"https:\/\/cdn.jsdelivr.net\/npm\/select2@4.1.0-rc.0\/dist\/js\/select2.min.js\"><\/script>\n<style>\n .filter-section .select2-container--default .select2-selection--single {\n    border: 1px solid #ced4da;\n    height: 40px;\n    display: flex;\n    align-items: center;\n }\n .filter-section .select2-container--default .select2-selection--single .select2-selection__arrow {\n    height: 38px;\n }\n<\/style>\n<script src=\"https:\/\/cdnjs.cloudflare.com\/ajax\/libs\/axios\/0.21.1\/axios.min.js\"><\/script>\n<script>\n  var wards = document.getElementById(\"ward\");\n\n  var Parameter = {\n    url: \"https:\/\/provinces.open-api.vn\/api\/v2\/p\/38?depth=2\",\n    method: \"GET\",\n    responseType: \"application\/json\",\n  };\n  var promise = axios(Parameter);\n  promise.then(function (result) {\n    renderWards(result.data);\n  });\n\n  function renderWards(data) {\n    \/\/ S\u1eafp x\u1ebfp wards theo t\u00ean (alphabet)\n    const sortedWards = data.wards.sort((a, b) =>\n      a.name.localeCompare(b.name, \"vi\", { sensitivity: \"base\" })\n    );\n\n    for (const ward of sortedWards) {\n      var optWard = document.createElement(\"option\");\n      optWard.value = ward.name;\n      optWard.text = ward.name;\n      optWard.setAttribute(\"data-id\", ward.codename);\n      wards.options.add(optWard);\n    }\n\n    \/\/ Kh\u1edfi t\u1ea1o Select2 sau khi render xong wards\n    jQuery(document).ready(function($) {\n        $(\"#ward\").select2({\n            placeholder: \"Ch\u1ecdn ph\u01b0\u1eddng x\u00e3\",\n            allowClear: true,\n            language: {\n                noResults: function() {\n                    return \"Kh\u00f4ng t\u00ecm th\u1ea5y k\u1ebft qu\u1ea3\";\n                }\n            }\n        });\n    });\n  }\n<\/script>\n\n<main><div class=\"card-container\"><div class=\"card\"><a href=\"https:\/\/investinthanhhoa.gov.vn\/vi\/p\/cac-cum-cong-nghiep\/cum-cong-nghiep-tan-tho\"><div class=\"card-content\"><div class=\"card-content-img\"><img decoding=\"async\" width=\"150\" height=\"150\" src=\"https:\/\/investinthanhhoa.gov.vn\/wp-content\/uploads\/2026\/03\/CCN-Tan-Tho-xa-Trung-Chinh_Page2-150x150.jpg\" class=\"card-img-top\" alt=\"\" \/><\/div><span class=\"card-title text-truncate_2_lines\">C\u1ee5m c\u00f4ng nghi\u1ec7p T\u00e2n Th\u1ecd<\/span><\/a><div class=\"card-info\"><span class=\"text-truncate_2_lines\"><span style=\"font-weight: bold; font-style: italic\">\u0110\u1ecba \u0111i\u1ec3m:<\/span> X\u00e3 Trung Ch\u00ednh<\/span><span><span style=\"font-weight: bold; font-style: italic\">Quy m\u00f4:<\/span> 43.56 ha<\/span><\/div><\/div><\/div><div class=\"card\"><a href=\"https:\/\/investinthanhhoa.gov.vn\/vi\/p\/cac-cum-cong-nghiep\/ccn-hoa-loc\"><div class=\"card-content\"><div class=\"card-content-img\"><img decoding=\"async\" width=\"150\" height=\"150\" src=\"https:\/\/investinthanhhoa.gov.vn\/wp-content\/uploads\/2024\/03\/Khu-CN-Bim-Son-2-150x150.jpg\" class=\"card-img-top\" alt=\"\" \/><\/div><span class=\"card-title text-truncate_2_lines\">CCN H\u00f2a L\u1ed9c<\/span><\/a><div class=\"card-info\"><span class=\"text-truncate_2_lines\"><span style=\"font-weight: bold; font-style: italic\">\u0110\u1ecba \u0111i\u1ec3m:<\/span> X\u00e3 Hoa L\u1ed9c<\/span><span><span style=\"font-weight: bold; font-style: italic\">Quy m\u00f4:<\/span>  ha<\/span><\/div><\/div><\/div><div class=\"card\"><a href=\"https:\/\/investinthanhhoa.gov.vn\/vi\/p\/cac-cum-cong-nghiep\/cum-cn-ln-tien-loc\"><div class=\"card-content\"><div class=\"card-content-img\"><img decoding=\"async\" width=\"150\" height=\"150\" src=\"https:\/\/investinthanhhoa.gov.vn\/wp-content\/uploads\/2024\/04\/5.-Tong-mat-bang-to-chuc-khong-gian-kien-truc-canh-quan-150x150.jpg\" class=\"card-img-top\" alt=\"\" \/><\/div><span class=\"card-title text-truncate_2_lines\">C\u1ee5m c\u00f4ng nghi\u1ec7p l\u00e0ng ngh\u1ec1 Ti\u1ebfn L\u1ed9c<\/span><\/a><div class=\"card-info\"><span class=\"text-truncate_2_lines\"><span style=\"font-weight: bold; font-style: italic\">\u0110\u1ecba \u0111i\u1ec3m:<\/span> X\u00e3 Tri\u1ec7u L\u1ed9c<\/span><span><span style=\"font-weight: bold; font-style: italic\">Quy m\u00f4:<\/span> 19 ha<\/span><\/div><\/div><\/div><div class=\"card\"><a href=\"https:\/\/investinthanhhoa.gov.vn\/vi\/p\/cac-cum-cong-nghiep\/ccn-tt-quan-lao\"><div class=\"card-content\"><div class=\"card-content-img\"><img loading=\"lazy\" decoding=\"async\" width=\"150\" height=\"150\" src=\"https:\/\/investinthanhhoa.gov.vn\/wp-content\/uploads\/2024\/04\/ccn-tt-quan-lao-150x150.jpg\" class=\"card-img-top\" alt=\"\" \/><\/div><span class=\"card-title text-truncate_2_lines\">C\u1ee5m c\u00f4ng nghi\u1ec7p th\u1ecb tr\u1ea5n Qu\u00e1n L\u00e0o<\/span><\/a><div class=\"card-info\"><span class=\"text-truncate_2_lines\"><span style=\"font-weight: bold; font-style: italic\">\u0110\u1ecba \u0111i\u1ec3m:<\/span> X\u00e3 Y\u00ean \u0110\u1ecbnh<\/span><span><span style=\"font-weight: bold; font-style: italic\">Quy m\u00f4:<\/span> 71.96 ha<\/span><\/div><\/div><\/div><div class=\"card\"><a href=\"https:\/\/investinthanhhoa.gov.vn\/vi\/p\/cac-cum-cong-nghiep\/ccn-xuan-lai\"><div class=\"card-content\"><div class=\"card-content-img\"><img loading=\"lazy\" decoding=\"async\" width=\"150\" height=\"150\" src=\"https:\/\/investinthanhhoa.gov.vn\/wp-content\/uploads\/2024\/04\/ban-do-vi-tri-ccn-xuan-lai-150x150.jpg\" class=\"card-img-top\" alt=\"\" \/><\/div><span class=\"card-title text-truncate_2_lines\">C\u1ee5m c\u00f4ng nghi\u1ec7p Xu\u00e2n Lai<\/span><\/a><div class=\"card-info\"><span class=\"text-truncate_2_lines\"><span style=\"font-weight: bold; font-style: italic\">\u0110\u1ecba \u0111i\u1ec3m:<\/span> X\u00e3 Xu\u00e2n L\u1eadp<\/span><span><span style=\"font-weight: bold; font-style: italic\">Quy m\u00f4:<\/span> 14.98 ha<\/span><\/div><\/div><\/div><div class=\"card\"><a href=\"https:\/\/investinthanhhoa.gov.vn\/vi\/p\/cac-cum-cong-nghiep\/ccn-dong-van-2\"><div class=\"card-content\"><div class=\"card-content-img\"><img loading=\"lazy\" decoding=\"async\" width=\"150\" height=\"150\" src=\"https:\/\/investinthanhhoa.gov.vn\/wp-content\/uploads\/2024\/04\/ccn-dong-van-150x150.jpg\" class=\"card-img-top\" alt=\"\" \/><\/div><span class=\"card-title text-truncate_2_lines\">C\u1ee5m c\u00f4ng nghi\u1ec7p \u0110\u00f4ng V\u0103n<\/span><\/a><div class=\"card-info\"><span class=\"text-truncate_2_lines\"><span style=\"font-weight: bold; font-style: italic\">\u0110\u1ecba \u0111i\u1ec3m:<\/span> Ph\u01b0\u1eddng \u0110\u00f4ng Quang<\/span><span><span style=\"font-weight: bold; font-style: italic\">Quy m\u00f4:<\/span> 20 ha<\/span><\/div><\/div><\/div><div class=\"card\"><a href=\"https:\/\/investinthanhhoa.gov.vn\/vi\/p\/cac-cum-cong-nghiep\/ccn-dong-ninh\"><div class=\"card-content\"><div class=\"card-content-img\"><img loading=\"lazy\" decoding=\"async\" width=\"150\" height=\"150\" src=\"https:\/\/investinthanhhoa.gov.vn\/wp-content\/uploads\/2024\/04\/ccn-dong-minh-150x150.jpg\" class=\"card-img-top\" alt=\"\" \/><\/div><span class=\"card-title text-truncate_2_lines\">C\u1ee5m c\u00f4ng nghi\u1ec7p \u0110\u00f4ng Ninh<\/span><\/a><div class=\"card-info\"><span class=\"text-truncate_2_lines\"><span style=\"font-weight: bold; font-style: italic\">\u0110\u1ecba \u0111i\u1ec3m:<\/span> Ph\u01b0\u1eddng \u0110\u00f4ng S\u01a1n<\/span><span><span style=\"font-weight: bold; font-style: italic\">Quy m\u00f4:<\/span> 14.94 ha<\/span><\/div><\/div><\/div><div class=\"card\"><a href=\"https:\/\/investinthanhhoa.gov.vn\/vi\/p\/cac-cum-cong-nghiep\/ccn-thuong-ninh\"><div class=\"card-content\"><div class=\"card-content-img\"><img loading=\"lazy\" decoding=\"async\" width=\"150\" height=\"150\" src=\"https:\/\/investinthanhhoa.gov.vn\/wp-content\/uploads\/2024\/04\/ccn-thuong-ninh-150x150.jpg\" class=\"card-img-top\" alt=\"\" \/><\/div><span class=\"card-title text-truncate_2_lines\">C\u1ee5m c\u00f4ng nghi\u1ec7p Th\u01b0\u1ee3ng Ninh<\/span><\/a><div class=\"card-info\"><span class=\"text-truncate_2_lines\"><span style=\"font-weight: bold; font-style: italic\">\u0110\u1ecba \u0111i\u1ec3m:<\/span> X\u00e3 Th\u01b0\u1ee3ng Ninh<\/span><span><span style=\"font-weight: bold; font-style: italic\">Quy m\u00f4:<\/span> 20.00 ha<\/span><\/div><\/div><\/div><div class=\"card\"><a href=\"https:\/\/investinthanhhoa.gov.vn\/vi\/p\/cac-cum-cong-nghiep\/ccn-ha-long-i\"><div class=\"card-content\"><div class=\"card-content-img\"><img loading=\"lazy\" decoding=\"async\" width=\"150\" height=\"150\" src=\"https:\/\/investinthanhhoa.gov.vn\/wp-content\/uploads\/2024\/04\/ccn-HA-LONG-150x150.jpg\" class=\"card-img-top\" alt=\"\" \/><\/div><span class=\"card-title text-truncate_2_lines\">C\u1ee5m c\u00f4ng nghi\u1ec7p H\u00e0 Long I<\/span><\/a><div class=\"card-info\"><span class=\"text-truncate_2_lines\"><span style=\"font-weight: bold; font-style: italic\">\u0110\u1ecba \u0111i\u1ec3m:<\/span> X\u00e3 H\u00e0 Long<\/span><span><span style=\"font-weight: bold; font-style: italic\">Quy m\u00f4:<\/span> 74.8 ha<\/span><\/div><\/div><\/div><\/div><div class=\"content-pagination\"><div class=\"page-numbers current\">1<\/div><a class=\"page-numbers\" href=\"https:\/\/investinthanhhoa.gov.vn\/vi\/wp-json\/wp\/v2\/pages\/3416\/page\/2\">2<\/a><a class=\"page-numbers\" href=\"https:\/\/investinthanhhoa.gov.vn\/vi\/wp-json\/wp\/v2\/pages\/3416\/page\/3\">3<\/a><a class=\"page-numbers\" href=\"https:\/\/investinthanhhoa.gov.vn\/vi\/wp-json\/wp\/v2\/pages\/3416\/page\/4\">4<\/a><a class=\"page-numbers\" href=\"https:\/\/investinthanhhoa.gov.vn\/vi\/wp-json\/wp\/v2\/pages\/3416\/page\/5\">5<\/a><a class=\"page-numbers\" href=\"https:\/\/investinthanhhoa.gov.vn\/vi\/wp-json\/wp\/v2\/pages\/3416\/page\/6\">6<\/a><\/div><\/div><\/main>\n<script>\n    document.addEventListener(\"DOMContentLoaded\", function () {\n        var showMoreBtn = document.querySelector(\".show-more-btn\");\n        var checkboxes = document.querySelectorAll(\".checklist label\");\n\n        showMoreBtn.addEventListener(\"click\", function () {\n            for (var i = 4; i < checkboxes.length; i++) {\n                checkboxes[i].classList.toggle(\"hidden\");\n            }\n            \n \u00a0 \u00a0 \u00a0 \u00a0 \u00a0 \u00a0if (showMoreBtn.textContent === \"Xem th\u00eam\") {\n \u00a0 \u00a0 \u00a0 \u00a0 \u00a0 \u00a0 \u00a0 \u00a0showMoreBtn.textContent = \"Thu g\u1ecdn\";\n            } else {\n                showMoreBtn.textContent = \"Xem th\u00eam\";\n            }\n        });\n    });\n<\/script>\n  \t\t<div class=\"elementor-shortcode\"><\/div>\n\t\t\t\t\t\t<\/div>\n\t\t\t\t<\/div>\n\t\t\t\t\t<\/div>\n\t\t\t\t<\/div>\n\t\t<div class=\"elementor-element elementor-element-c04a49b e-flex e-con-boxed e-con e-parent\" data-id=\"c04a49b\" data-element_type=\"container\" data-settings=\"{&quot;_ha_eqh_enable&quot;:false}\">\n\t\t\t\t\t<div class=\"e-con-inner\">\n\t\t\t\t<div class=\"elementor-element elementor-element-47886a7 elementor-widget elementor-widget-spacer\" data-id=\"47886a7\" data-element_type=\"widget\" data-widget_type=\"spacer.default\">\n\t\t\t\t<div class=\"elementor-widget-container\">\n\t\t\t\t\t\t\t<div class=\"elementor-spacer\">\n\t\t\t<div class=\"elementor-spacer-inner\"><\/div>\n\t\t<\/div>\n\t\t\t\t\t\t<\/div>\n\t\t\t\t<\/div>\n\t\t\t\t\t<\/div>\n\t\t\t\t<\/div>\n\t\t\t\t<\/div>\n\t\t","protected":false},"excerpt":{"rendered":"<p>C\u00c1C C\u1ee4M C\u00d4NG NGHI\u1ec6P<\/p>\n","protected":false},"author":1,"featured_media":0,"parent":0,"menu_order":0,"comment_status":"closed","ping_status":"closed","template":"","meta":{"inline_featured_image":false,"footnotes":""},"class_list":["post-3416","page","type-page","status-publish","hentry"],"acf":[],"_links":{"self":[{"href":"https:\/\/investinthanhhoa.gov.vn\/vi\/wp-json\/wp\/v2\/pages\/3416","targetHints":{"allow":["GET"]}}],"collection":[{"href":"https:\/\/investinthanhhoa.gov.vn\/vi\/wp-json\/wp\/v2\/pages"}],"about":[{"href":"https:\/\/investinthanhhoa.gov.vn\/vi\/wp-json\/wp\/v2\/types\/page"}],"author":[{"embeddable":true,"href":"https:\/\/investinthanhhoa.gov.vn\/vi\/wp-json\/wp\/v2\/users\/1"}],"replies":[{"embeddable":true,"href":"https:\/\/investinthanhhoa.gov.vn\/vi\/wp-json\/wp\/v2\/comments?post=3416"}],"version-history":[{"count":6,"href":"https:\/\/investinthanhhoa.gov.vn\/vi\/wp-json\/wp\/v2\/pages\/3416\/revisions"}],"predecessor-version":[{"id":12265,"href":"https:\/\/investinthanhhoa.gov.vn\/vi\/wp-json\/wp\/v2\/pages\/3416\/revisions\/12265"}],"wp:attachment":[{"href":"https:\/\/investinthanhhoa.gov.vn\/vi\/wp-json\/wp\/v2\/media?parent=3416"}],"curies":[{"name":"wp","href":"https:\/\/api.w.org\/{rel}","templated":true}]}}