{"id":4026,"date":"2024-04-08T17:44:42","date_gmt":"2024-04-08T10:44:42","guid":{"rendered":"https:\/\/daututhanhhoa.minhkhang.net\/?page_id=4026"},"modified":"2026-03-18T16:40:05","modified_gmt":"2026-03-18T09:40:05","slug":"kcn-trong-khu-kinh-te-nghi-son","status":"publish","type":"page","link":"https:\/\/investinthanhhoa.gov.vn\/vi\/kcn-trong-khu-kinh-te-nghi-son","title":{"rendered":"C\u00e1c KCN trong Khu kinh t\u1ebf Nghi S\u01a1n"},"content":{"rendered":"\t\t<div data-elementor-type=\"wp-page\" data-elementor-id=\"4026\" class=\"elementor elementor-4026\" data-elementor-settings=\"{&quot;ha_cmc_init_switcher&quot;:&quot;no&quot;}\" data-elementor-post-type=\"page\">\n\t\t\t\t<div class=\"elementor-element elementor-element-9c0523f e-flex e-con-boxed e-con e-parent\" data-id=\"9c0523f\" data-element_type=\"container\" data-settings=\"{&quot;background_background&quot;:&quot;classic&quot;,&quot;_ha_eqh_enable&quot;:false}\">\n\t\t\t\t\t<div class=\"e-con-inner\">\n\t\t\t\t<div class=\"elementor-element elementor-element-11fc012 elementor-widget__width-initial elementor-widget elementor-widget-heading\" data-id=\"11fc012\" data-element_type=\"widget\" data-widget_type=\"heading.default\">\n\t\t\t\t<div class=\"elementor-widget-container\">\n\t\t\t\t\t<h1 class=\"elementor-heading-title elementor-size-default\">C\u00c1C KHU C\u00d4NG NGHI\u1ec6P TRONG KKT NGHI S\u01a0N<\/h1>\t\t\t\t<\/div>\n\t\t\t\t<\/div>\n\t\t\t\t\t<\/div>\n\t\t\t\t<\/div>\n\t\t<div class=\"elementor-element elementor-element-09e4d6a px-24 e-flex e-con-boxed e-con e-parent\" data-id=\"09e4d6a\" data-element_type=\"container\" data-settings=\"{&quot;_ha_eqh_enable&quot;:false}\">\n\t\t\t\t\t<div class=\"e-con-inner\">\n\t\t\t\t<div class=\"elementor-element elementor-element-9c2d184 elementor-widget__width-initial elementor-widget-mobile__width-inherit elementor-widget elementor-widget-shortcode\" data-id=\"9c2d184\" data-element_type=\"widget\" data-widget_type=\"shortcode.default\">\n\t\t\t\t<div class=\"elementor-widget-container\">\n\t\t\t\t\t<form class=\"search-box\" method=\"get\" action=\"https:\/\/investinthanhhoa.gov.vn\/vi\/du-an-da-dau-tu\">\n\t\t<input type=\"text\" name=\"q\" placeholder=\"Nh\u1eadp t\u00ean d\u1ef1 \u00e1n\" class=\"search-input\" value=\"\"><\/input>\n\t\t<button type=\"submit\" class=\"search-submit\">\n\t\t\t<img decoding=\"async\" src=\"\/wp-content\/uploads\/2024\/03\/Group-71.svg\" alt=\"\"><\/img>\n\t\t\t<span>T\u00ecm ki\u1ebfm<\/span>\n\t\t<\/button>\n\t<\/form><div class=\"card-container\"><div class=\"card\"><a href=\"https:\/\/investinthanhhoa.gov.vn\/vi\/p\/kkt-nghi-son\/khu-cong-nghiep-so-1\"><div class=\"card-content\"><div class=\"card-content-img\"><img decoding=\"async\" width=\"150\" height=\"150\" src=\"https:\/\/investinthanhhoa.gov.vn\/wp-content\/uploads\/2024\/04\/anh-kcn-so-1-kkt-nghi-son-150x150.jpg\" class=\"card-img-top\" alt=\"\" \/><\/div><span class=\"card-title text-truncate_2_lines\">KHU C\u00d4NG NGHI\u1ec6P S\u1ed0 1<\/span><\/a><div class=\"card-info\"><span class=\"text-truncate_2_lines\"><span style=\"font-weight: bold; font-style: italic\">\u0110\u1ecba \u0111i\u1ec3m:<\/span> - Thu\u1ed9c Khu kinh t\u1ebf Nghi S\u01a1n.\r\n- C\u00e1ch n\u00fat giao cao t\u1ed1c B\u1eafc Nam 6 km, Qu\u1ed1c l\u1ed9 1 A 2,5\r\nkm, Ga Khoa Tr\u01b0\u1eddng 5 km, C\u1ea3ng n\u01b0\u1edbc s\u00e2u Nghi S\u01a1n 9\r\nkm, S\u00e2n bay Th\u1ecd Xu\u00e2n 80 km, Th\u1ee7 \u0111\u00f4 H\u00e0 N\u1ed9i 190 km.<\/span><span><span style=\"font-weight: bold; font-style: italic\">Di\u1ec7n t\u00edch:<\/span> 67,3 ha, \u0111\u1ea5t c\u00f4ng nghi\u1ec7p v\u00e0 \u0111\u1ea5t d\u1ecbch v\u1ee5 c\u00f3 th\u1ec3 cho thu\u00ea 43 ha.<\/span><span class=\"text-truncate_2_lines\"><span style=\"font-weight: bold; font-style: italic\">T\u00ednh ch\u1ea5t, ch\u1ee9c n\u0103ng:<\/span> \u0110\u00e3 gi\u1ea3i ph\u00f3ng m\u1eb7t b\u1eb1ng v\u00e0 \u0111\u01b0\u1ee3c Nh\u00e0 n\u01b0\u1edbc cho\r\nthu\u00ea \u0111\u1ea5t v\u1edbi di\u1ec7n t\u00edch 33\/67 ha; \u0111ang ti\u1ebfp t\u1ee5c th\u1ef1c\r\nhi\u1ec7n c\u00f4ng t\u00e1c gi\u1ea3i ph\u00f3ng m\u1eb7t b\u1eb1ng v\u00e0 \u0111\u1ea7u t\u01b0 x\u00e2y\r\nd\u1ef1ng h\u1ea1 t\u1ea7ng k\u1ef9 thu\u1eadt. Di\u1ec7n t\u00edch \u0111\u00e3 \u0111\u01b0\u1ee3c cho thu\u00ea,\r\ncho thu\u00ea l\u1ea1i l\u00e0 20ha v\u00e0 thu h\u00fat \u0111\u01b0\u1ee3c 07 nh\u00e0 \u0111\u1ea7u t\u01b0\r\nth\u1ee9 c\u1ea5p v\u1edbi di\u1ec7n t\u00edch cho thu\u00ea l\u1ea1i kho\u1ea3ng 3,4 ha. <\/span><\/div><\/div><\/div><div class=\"card\"><a href=\"https:\/\/investinthanhhoa.gov.vn\/vi\/p\/kkt-nghi-son\/khu-cong-nghiep-so-3\"><div class=\"card-content\"><div class=\"card-content-img\"><img decoding=\"async\" width=\"150\" height=\"150\" src=\"https:\/\/investinthanhhoa.gov.vn\/wp-content\/uploads\/2024\/04\/NS33-150x150.jpg\" class=\"card-img-top\" alt=\"\" \/><\/div><span class=\"card-title text-truncate_2_lines\">KHU C\u00d4NG NGHI\u1ec6P S\u1ed0 3<\/span><\/a><div class=\"card-info\"><span class=\"text-truncate_2_lines\"><span style=\"font-weight: bold; font-style: italic\">\u0110\u1ecba \u0111i\u1ec3m:<\/span> - Thu\u1ed9c Khu kinh t\u1ebf Nghi S\u01a1n.\r\n- N\u1eb1m tr\u00ean tr\u1ee5c qu\u1ed1c l\u1ed9 1A, c\u00e1ch n\u00fat giao cao t\u1ed1c B\u1eafc-Nam\r\n1 km, C\u1ea3ng n\u01b0\u1edbc s\u00e2u Nghi S\u01a1n 12 km, ga \u0111\u01b0\u1eddng s\u1eaft Khoa\r\nTr\u01b0\u1eddng 0,5 km, s\u00e2n bay Th\u1ecd Xu\u00e2n 72km, Th\u1ee7 \u0111\u00f4 H\u00e0 N\u1ed9i 190km.<\/span><span><span style=\"font-weight: bold; font-style: italic\">Di\u1ec7n t\u00edch:<\/span> 247.12 ha, \u0111\u1ea5t c\u00f4ng nghi\u1ec7p v\u00e0 \u0111\u1ea5t d\u1ecbch v\u1ee5 c\u00f3 th\u1ec3 cho thu\u00ea 157,8 ha.<\/span><span class=\"text-truncate_2_lines\"><span style=\"font-weight: bold; font-style: italic\">T\u00ednh ch\u1ea5t, ch\u1ee9c n\u0103ng:<\/span> C\u00e1c ng\u00e0nh ngh\u1ec1 thu h\u00fat \u0111\u1ea7u t\u01b0:\r\n- Ma\u0301y mo\u0301c thi\u00ea\u0301t bi\u0323 x\u00e2y d\u1ef1ng.\r\n- \u0110u\u0301c kim loa\u0323i va\u0300 s\u1ea3n ph\u1ea9m t\u1eeb kim loa\u0323i \u0111u\u0301c s\u1eb5n.\r\n- S\u1ea3n xu\u1ea5t, l\u0103\u0301p gia\u0301p thi\u00ea\u0301t bi\u0323 \u0111i\u1ec7n, \u0111i\u1ec7n t\u1eed ma\u0301y t\u00ednh\r\n- S\u1ea3n xu\u1ea5t ca\u0301c s\u1ea3n ph\u1ea9m quang ho\u0323c.\r\n- S\u1ea3n xu\u1ea5t ch\u00ea\u0301 ta\u0323o ca\u0301c ma\u0301y mo\u0301c ph\u1ee5c v\u1ee5 c\u00f4ng nghi\u1ec7p, n\u00f4ng nghi\u1ec7p, thi\u00ea\u0301t bi\u0323 \u0111\u0103\u0323c th\u00f9 cho la\u0300ng ngh\u1ec1.\r\n- Ca\u0301c loa\u0323i ma\u0301y mo\u0301c, thi\u00eat bi\u0323 c\u01a1 kh\u00ed ch\u00ednh xa\u0301c.\r\n- S\u1ea3n xu\u1ea5t ph\u1ee5 t\u00f9ng, linh ki\u1ec7n va\u0300 l\u0103\u0301p ra\u0301p \u00f4t\u00f4, xe ma\u0301y va\u0300 xe co\u0301\r\n\u0111\u00f4\u0323ng c\u01a1 kha\u0301c <\/span><\/div><\/div><\/div><div class=\"card\"><a href=\"https:\/\/investinthanhhoa.gov.vn\/vi\/p\/kkt-nghi-son\/khu-cong-nghiep-so-4\"><div class=\"card-content\"><div class=\"card-content-img\"><img decoding=\"async\" width=\"150\" height=\"150\" src=\"https:\/\/investinthanhhoa.gov.vn\/wp-content\/uploads\/2024\/04\/05.QH-KTCQ-KCN04-Model-150x150.jpg\" class=\"card-img-top\" alt=\"\" \/><\/div><span class=\"card-title text-truncate_2_lines\">KHU C\u00d4NG NGHI\u1ec6P S\u1ed0 4<\/span><\/a><div class=\"card-info\"><span class=\"text-truncate_2_lines\"><span style=\"font-weight: bold; font-style: italic\">\u0110\u1ecba \u0111i\u1ec3m:<\/span> - Thu\u1ed9c Khu kinh t\u1ebf Nghi S\u01a1n.\r\n- Gi\u00e1p Qu\u1ed1c l\u1ed9 1A, c\u00e1ch n\u00fat giao cao t\u1ed1c B\u1eafc Nam 7\r\nkm, C\u1ea3ng n\u01b0\u1edbc s\u00e2u Nghi S\u01a1n 17 km, s\u00e2n bay Th\u1ecd Xu\u00e2n\r\n85 km, Th\u1ee7 \u0111\u00f4 H\u00e0 N\u1ed9i 215 km.<\/span><span><span style=\"font-weight: bold; font-style: italic\">Di\u1ec7n t\u00edch:<\/span> 361,15 ha, \u0111\u1ea5t c\u00f4ng nghi\u1ec7p 261,62 ha.<\/span><span class=\"text-truncate_2_lines\"><span style=\"font-weight: bold; font-style: italic\">T\u00ednh ch\u1ea5t, ch\u1ee9c n\u0103ng:<\/span> L\u00e0 KCN \u0111a ng\u00e0nh, \u01b0u ti\u00ean lo\u1ea1i h\u00ecnh c\u00f4ng nghi\u1ec7p c\u01a1 kh\u00ed\r\nch\u1ebf t\u1ea1o, v\u1eadt li\u1ec7u x\u00e2y d\u1ef1ng\u2026 <\/span><\/div><\/div><\/div><div class=\"card\"><a href=\"https:\/\/investinthanhhoa.gov.vn\/vi\/p\/kkt-nghi-son\/khu-cong-nghiep-dong-vang\"><div class=\"card-content\"><div class=\"card-content-img\"><img loading=\"lazy\" decoding=\"async\" width=\"150\" height=\"150\" src=\"https:\/\/investinthanhhoa.gov.vn\/wp-content\/uploads\/2024\/04\/Slide-Dong-Vang_Page10-150x150.jpg\" class=\"card-img-top\" alt=\"\" \/><\/div><span class=\"card-title text-truncate_2_lines\">KHU C\u00d4NG NGHI\u1ec6P S\u1ed0 15 &#8211; KHU C\u00d4NG NGHI\u1ec6P \u0110\u1ed2NG V\u00c0NG<\/span><\/a><div class=\"card-info\"><span class=\"text-truncate_2_lines\"><span style=\"font-weight: bold; font-style: italic\">\u0110\u1ecba \u0111i\u1ec3m:<\/span> - Thu\u1ed9c Khu kinh t\u1ebf Nghi S\u01a1n.\r\n- C\u00e1ch qu\u1ed1c l\u1ed9 1A 5 km, n\u00fat giao cao t\u1ed1c B\u1eafc\r\n- Nam 1km, C\u1ea3ng n\u01b0\u1edbc s\u00e2u Nghi S\u01a1n 14 km,\r\nga \u0111\u01b0\u1eddng s\u1eaft Tr\u01b0\u1eddng L\u00e2m 1 km, s\u00e2n bay Th\u1ecd\r\nXu\u00e2n 65 km, Th\u1ee7 \u0111\u00f4 H\u00e0 N\u1ed9i 200 km.<\/span><span><span style=\"font-weight: bold; font-style: italic\">Di\u1ec7n t\u00edch:<\/span> Di\u1ec7n t\u00edch: 691,45 ha, \u0111\u1ea5t c\u00f4ng nghi\u1ec7p: 516,11 ha, chia l\u00e0m 2 khu: * Khu A: khu v\u1ef1c d\u1ef1 \u00e1n Nh\u00e0 m\u00e1y \u0111i\u1ec7n m\u1eb7t tr\u1eddi Thanh Ho\u00e1 I, di\u1ec7n t\u00edch 229,18 ha. * Khu B: KHU C\u00d4NG NGHI\u1ec6P \u0110\u1ed2NG V\u00c0NG, di\u1ec7n t\u00edch: 491,9 ha.<\/span><span class=\"text-truncate_2_lines\"><span style=\"font-weight: bold; font-style: italic\">T\u00ednh ch\u1ea5t, ch\u1ee9c n\u0103ng:<\/span> - S\u1ea3n xu\u1ea5t s\u1ea3n ph\u1ea9m t\u1eeb cao su v\u00e0 plastic; s\u1ea3n xu\u1ea5t h\u00f3a ch\u1ea5t v\u00e0\r\nc\u00e1c s\u1ea3n ph\u1ea9m h\u00f3a ch\u1ea5t; s\u1ea3n xu\u1ea5t thu\u1ed1c h\u00f3a d\u01b0\u1ee3c v\u00e0 d\u01b0\u1ee3c li\u1ec7u;\r\nch\u1ebf bi\u1ebfn g\u1ed7 v\u00e0 s\u1ea3n xu\u1ea5t s\u1ea3n ph\u1ea9m t\u1eeb g\u1ed7, tre, n\u1ee9a (tr\u1eeb gi\u01b0\u1eddng,\r\nt\u1ee7, b\u00e0n, gh\u1ebf), s\u1ea3n xu\u1ea5t s\u1ea3n ph\u1ea9m t\u1eeb r\u01a1m, r\u1ea1 v\u00e0 v\u1eadt li\u1ec7u t\u1ebft b\u1ec7n;\r\ns\u1ea3n xu\u1ea5t gi\u1ea5y v\u00e0 c\u00e1c s\u1ea3n ph\u1ea9m t\u1eeb gi\u1ea5y; ng\u00e0nh d\u1ec7t may, d\u1ec7t\r\nnhu\u1ed9m; s\u1ea3n xu\u1ea5t da v\u00e0 c\u00e1c s\u1ea3n ph\u1ea9m c\u00f3 li\u00ean quan; c\u00e1c ng\u00e0nh\r\nc\u00f4ng nghi\u1ec7p ph\u1ee5 tr\u1ee3; c\u00e1c ng\u00e0nh c\u00f4ng nghi\u1ec7p kh\u00e1c ph\u00f9 h\u1ee3p\r\nquy \u0111\u1ecbnh c\u1ee7a ph\u00e1p lu\u1eadt. <\/span><\/div><\/div><\/div><div class=\"card\"><a href=\"https:\/\/investinthanhhoa.gov.vn\/vi\/p\/kkt-nghi-son\/khu-cong-nghiep-so-10-du-an-nha-may-nhiet-dien-nghi-son-1\"><div class=\"card-content\"><div class=\"card-content-img\"><img loading=\"lazy\" decoding=\"async\" width=\"150\" height=\"150\" src=\"https:\/\/investinthanhhoa.gov.vn\/wp-content\/uploads\/2024\/04\/Khu-cong-nghiep-so-10-Trung-tam-nhiet-dien-Nghi-Son-1-150x150.jpeg\" class=\"card-img-top\" alt=\"\" \/><\/div><span class=\"card-title text-truncate_2_lines\">KHU C\u00d4NG NGHI\u1ec6P S\u1ed0 10 &#8211; D\u1ef0 \u00c1N NH\u00c0 M\u00c1Y NHI\u1ec6T \u0110I\u1ec6N NGHI S\u01a0N 1<\/span><\/a><div class=\"card-info\"><span class=\"text-truncate_2_lines\"><span style=\"font-weight: bold; font-style: italic\">\u0110\u1ecba \u0111i\u1ec3m:<\/span> Thu\u1ed9c Trung t\u00e2m \u0110i\u1ec7n l\u1ef1c Nghi S\u01a1n, ph\u01b0\u1eddng Nghi S\u01a1n, t\u1ec9nh Thanh H\u00f3a thu\u1ed9c Khu kinh t\u1ebf Nghi S\u01a1n, c\u00e1ch th\u1ee7 \u0111\u00f4 H\u00e0 N\u1ed9i kho\u1ea3ng 200km. <\/span><span><span style=\"font-weight: bold; font-style: italic\">Di\u1ec7n t\u00edch:<\/span> <\/span><span class=\"text-truncate_2_lines\"><span style=\"font-weight: bold; font-style: italic\">T\u00ednh ch\u1ea5t, ch\u1ee9c n\u0103ng:<\/span>  <\/span><\/div><\/div><\/div><div class=\"card\"><a href=\"https:\/\/investinthanhhoa.gov.vn\/vi\/p\/kkt-nghi-son\/khu-cong-nghiep-so-10-du-an-nha-may-nhiet-dien-bot-nghi-son-2\"><div class=\"card-content\"><div class=\"card-content-img\"><img loading=\"lazy\" decoding=\"async\" width=\"150\" height=\"150\" src=\"https:\/\/investinthanhhoa.gov.vn\/wp-content\/uploads\/2024\/04\/Khu-cong-nghiep-so-10-Trung-tam-nhiet-dien-BOT-Nghi-Son-2-150x150.png\" class=\"card-img-top\" alt=\"\" \/><\/div><span class=\"card-title text-truncate_2_lines\">KHU C\u00d4NG NGHI\u1ec6P S\u1ed0 10 &#8211; D\u1ef0 \u00c1N NH\u00c0 M\u00c1Y NHI\u1ec6T \u0110I\u1ec6N BOT NGHI S\u01a0N 2<\/span><\/a><div class=\"card-info\"><span class=\"text-truncate_2_lines\"><span style=\"font-weight: bold; font-style: italic\">\u0110\u1ecba \u0111i\u1ec3m:<\/span> Thu\u1ed9c Trung t\u00e2m \u0110i\u1ec7n l\u1ef1c Nghi S\u01a1n, ph\u01b0\u1eddng Nghi S\u01a1n, t\u1ec9nh Thanh H\u00f3a thu\u1ed9c Khu kinh t\u1ebf Nghi S\u01a1n.<\/span><span><span style=\"font-weight: bold; font-style: italic\">Di\u1ec7n t\u00edch:<\/span> <\/span><span class=\"text-truncate_2_lines\"><span style=\"font-weight: bold; font-style: italic\">T\u00ednh ch\u1ea5t, ch\u1ee9c n\u0103ng:<\/span>  <\/span><\/div><\/div><\/div><div class=\"card\"><a href=\"https:\/\/investinthanhhoa.gov.vn\/vi\/p\/kkt-nghi-son\/khu-cong-nghiep-so-9-khu-cong-nghiep-luyen-kim\"><div class=\"card-content\"><div class=\"card-content-img\"><img loading=\"lazy\" decoding=\"async\" width=\"150\" height=\"150\" src=\"https:\/\/investinthanhhoa.gov.vn\/wp-content\/uploads\/2024\/04\/1630201734-219765574-t-v-n-th-m-tra-thi-t-k-cong-trinh-nha-may-luy-n-can-thep-nghi-s-n-150x150.jpg\" class=\"card-img-top\" alt=\"\" \/><\/div><span class=\"card-title text-truncate_2_lines\">KHU C\u00d4NG NGHI\u1ec6P S\u1ed0 9 &#8211; KHU C\u00d4NG NGHI\u1ec6P LUY\u1ec6N KIM<\/span><\/a><div class=\"card-info\"><span class=\"text-truncate_2_lines\"><span style=\"font-weight: bold; font-style: italic\">\u0110\u1ecba \u0111i\u1ec3m:<\/span> Ph\u01b0\u1eddng Nghi S\u01a1n, thu\u1ed9c Khu kinh t\u1ebf Nghi S\u01a1n.<\/span><span><span style=\"font-weight: bold; font-style: italic\">Di\u1ec7n t\u00edch:<\/span> 480 ha, \u0111\u1ea5t c\u00f4ng nghi\u1ec7p 297,18 ha.<\/span><span class=\"text-truncate_2_lines\"><span style=\"font-weight: bold; font-style: italic\">T\u00ednh ch\u1ea5t, ch\u1ee9c n\u0103ng:<\/span>  <\/span><\/div><\/div><\/div><div class=\"card\"><a href=\"https:\/\/investinthanhhoa.gov.vn\/vi\/p\/kkt-nghi-son\/khu-cong-nghiep-so-8-nha-may-xi-mang-nghi-son\"><div class=\"card-content\"><div class=\"card-content-img\"><img loading=\"lazy\" decoding=\"async\" width=\"150\" height=\"150\" src=\"https:\/\/investinthanhhoa.gov.vn\/wp-content\/uploads\/2024\/04\/Khu-cong-nghiep-so-8-Nha-may-xi-mang-Nghi-Son-150x150.jpg\" class=\"card-img-top\" alt=\"\" \/><\/div><span class=\"card-title text-truncate_2_lines\">KHU C\u00d4NG NGHI\u1ec6P S\u1ed0 8 &#8211; NH\u00c0 M\u00c1Y XI M\u0102NG NGHI S\u01a0N<\/span><\/a><div class=\"card-info\"><span class=\"text-truncate_2_lines\"><span style=\"font-weight: bold; font-style: italic\">\u0110\u1ecba \u0111i\u1ec3m:<\/span> Ph\u01b0\u1eddng Nghi S\u01a1n, t\u1ec9nh Thanh Ho\u00e1.<\/span><span><span style=\"font-weight: bold; font-style: italic\">Di\u1ec7n t\u00edch:<\/span>  68,13 ha.<\/span><span class=\"text-truncate_2_lines\"><span style=\"font-weight: bold; font-style: italic\">T\u00ednh ch\u1ea5t, ch\u1ee9c n\u0103ng:<\/span> S\u1ea3n xu\u1ea5t Xi m\u0103ng p\u00f3oc l\u0103ng: PC40, PC50, Xi m\u0103ng b\u1ec1n\r\nSun Ph\u00e1t\u2026 <\/span><\/div><\/div><\/div><div class=\"card\"><a href=\"https:\/\/investinthanhhoa.gov.vn\/vi\/p\/kkt-nghi-son\/khu-cong-nghiep-so-7-nha-may-loc-hoa-dau-nghi-son\"><div class=\"card-content\"><div class=\"card-content-img\"><img loading=\"lazy\" decoding=\"async\" width=\"150\" height=\"150\" src=\"https:\/\/investinthanhhoa.gov.vn\/wp-content\/uploads\/2024\/04\/Khu-cong-nghiep-so-7-Nha-may-Loc-hoa-dau-Nghi-Son-150x150.jpg\" class=\"card-img-top\" alt=\"\" \/><\/div><span class=\"card-title text-truncate_2_lines\">KHU C\u00d4NG NGHI\u1ec6P S\u1ed0 7 &#8211; NH\u00c0 M\u00c1Y L\u1eccC H\u00d3A D\u1ea6U NGHI S\u01a0N<\/span><\/a><div class=\"card-info\"><span class=\"text-truncate_2_lines\"><span style=\"font-weight: bold; font-style: italic\">\u0110\u1ecba \u0111i\u1ec3m:<\/span> Thu\u1ed9c Khu kinh t\u1ebf Nghi S\u01a1n, c\u00e1ch th\u1ee7 \u0111\u00f4 H\u00e0 N\u1ed9i 260km. <\/span><span><span style=\"font-weight: bold; font-style: italic\">Di\u1ec7n t\u00edch:<\/span>  548 ha.<\/span><span class=\"text-truncate_2_lines\"><span style=\"font-weight: bold; font-style: italic\">T\u00ednh ch\u1ea5t, ch\u1ee9c n\u0103ng:<\/span> S\u1ea3n xu\u1ea5t Polypropylene, Liquified Petroleum gas, Gasoline,\r\nKerosene & Jet A1, Diesel Oil, Fuel Oil, Paraxylene,\r\nBenzene, Sulfur.  <\/span><\/div><\/div><\/div><\/div><div class=\"content-pagination\"><div class=\"page-numbers current\">1<\/div><a class=\"page-numbers\" href=\"https:\/\/investinthanhhoa.gov.vn\/vi\/wp-json\/wp\/v2\/pages\/4026\/page\/2\">2<\/a><a class=\"page-numbers\" href=\"https:\/\/investinthanhhoa.gov.vn\/vi\/wp-json\/wp\/v2\/pages\/4026\/page\/3\">3<\/a><\/div>\t\t<div class=\"elementor-shortcode\"><\/div>\n\t\t\t\t\t\t<\/div>\n\t\t\t\t<\/div>\n\t\t\t\t\t<\/div>\n\t\t\t\t<\/div>\n\t\t<div class=\"elementor-element elementor-element-c04a49b e-flex e-con-boxed e-con e-parent\" data-id=\"c04a49b\" data-element_type=\"container\" data-settings=\"{&quot;_ha_eqh_enable&quot;:false}\">\n\t\t\t\t\t<div class=\"e-con-inner\">\n\t\t\t\t<div class=\"elementor-element elementor-element-47886a7 elementor-widget elementor-widget-spacer\" data-id=\"47886a7\" data-element_type=\"widget\" data-widget_type=\"spacer.default\">\n\t\t\t\t<div class=\"elementor-widget-container\">\n\t\t\t\t\t\t\t<div class=\"elementor-spacer\">\n\t\t\t<div class=\"elementor-spacer-inner\"><\/div>\n\t\t<\/div>\n\t\t\t\t\t\t<\/div>\n\t\t\t\t<\/div>\n\t\t\t\t\t<\/div>\n\t\t\t\t<\/div>\n\t\t\t\t<\/div>\n\t\t","protected":false},"excerpt":{"rendered":"<p>C\u00c1C KHU C\u00d4NG NGHI\u1ec6P TRONG KKT NGHI S\u01a0N<\/p>\n","protected":false},"author":1,"featured_media":0,"parent":0,"menu_order":0,"comment_status":"closed","ping_status":"closed","template":"","meta":{"inline_featured_image":false,"footnotes":""},"class_list":["post-4026","page","type-page","status-publish","hentry"],"acf":[],"_links":{"self":[{"href":"https:\/\/investinthanhhoa.gov.vn\/vi\/wp-json\/wp\/v2\/pages\/4026","targetHints":{"allow":["GET"]}}],"collection":[{"href":"https:\/\/investinthanhhoa.gov.vn\/vi\/wp-json\/wp\/v2\/pages"}],"about":[{"href":"https:\/\/investinthanhhoa.gov.vn\/vi\/wp-json\/wp\/v2\/types\/page"}],"author":[{"embeddable":true,"href":"https:\/\/investinthanhhoa.gov.vn\/vi\/wp-json\/wp\/v2\/users\/1"}],"replies":[{"embeddable":true,"href":"https:\/\/investinthanhhoa.gov.vn\/vi\/wp-json\/wp\/v2\/comments?post=4026"}],"version-history":[{"count":3,"href":"https:\/\/investinthanhhoa.gov.vn\/vi\/wp-json\/wp\/v2\/pages\/4026\/revisions"}],"predecessor-version":[{"id":12259,"href":"https:\/\/investinthanhhoa.gov.vn\/vi\/wp-json\/wp\/v2\/pages\/4026\/revisions\/12259"}],"wp:attachment":[{"href":"https:\/\/investinthanhhoa.gov.vn\/vi\/wp-json\/wp\/v2\/media?parent=4026"}],"curies":[{"name":"wp","href":"https:\/\/api.w.org\/{rel}","templated":true}]}}