{"id":9262,"date":"2024-04-30T11:04:12","date_gmt":"2024-04-30T04:04:12","guid":{"rendered":"https:\/\/daututhanhhoa.minhkhang.net\/?page_id=9262"},"modified":"2024-12-23T17:45:58","modified_gmt":"2024-12-23T10:45:58","slug":"y-te-giao-duc","status":"publish","type":"page","link":"https:\/\/investinthanhhoa.gov.vn\/vi\/y-te-giao-duc","title":{"rendered":"L\u0129nh v\u1ef1c Y t\u1ebf, Gi\u00e1o d\u1ee5c"},"content":{"rendered":"\t\t<div data-elementor-type=\"wp-page\" data-elementor-id=\"9262\" class=\"elementor elementor-9262\" data-elementor-settings=\"{&quot;ha_cmc_init_switcher&quot;:&quot;no&quot;}\" data-elementor-post-type=\"page\">\n\t\t\t\t<div class=\"elementor-element elementor-element-a29c9fb e-flex e-con-boxed e-con e-parent\" data-id=\"a29c9fb\" data-element_type=\"container\" data-settings=\"{&quot;background_background&quot;:&quot;classic&quot;,&quot;_ha_eqh_enable&quot;:false}\">\n\t\t\t\t\t<div class=\"e-con-inner\">\n\t\t\t\t<div class=\"elementor-element elementor-element-b827114 elementor-widget__width-initial elementor-widget elementor-widget-heading\" data-id=\"b827114\" data-element_type=\"widget\" data-widget_type=\"heading.default\">\n\t\t\t\t<div class=\"elementor-widget-container\">\n\t\t\t\t\t<h1 class=\"elementor-heading-title elementor-size-default\">L\u0128NH V\u1ef0C THU H\u00daT \u0110\u1ea6U T\u01af<\/h1>\t\t\t\t<\/div>\n\t\t\t\t<\/div>\n\t\t\t\t\t<\/div>\n\t\t\t\t<\/div>\n\t\t<div class=\"elementor-element elementor-element-4c66032 e-flex e-con-boxed e-con e-parent\" data-id=\"4c66032\" data-element_type=\"container\" data-settings=\"{&quot;_ha_eqh_enable&quot;:false}\">\n\t\t\t\t\t<div class=\"e-con-inner\">\n\t\t<div class=\"elementor-element elementor-element-3bd3349 e-con-full e-flex e-con e-child\" data-id=\"3bd3349\" data-element_type=\"container\" data-settings=\"{&quot;_ha_eqh_enable&quot;:false}\">\n\t\t\t\t<div class=\"elementor-element elementor-element-b879805 elementor-widget-widescreen__width-initial elementor-widget elementor-widget-heading\" data-id=\"b879805\" data-element_type=\"widget\" data-widget_type=\"heading.default\">\n\t\t\t\t<div class=\"elementor-widget-container\">\n\t\t\t\t\t<h2 class=\"elementor-heading-title elementor-size-default\">Y T\u1ebe, GI\u00c1O D\u1ee4C<\/h2>\t\t\t\t<\/div>\n\t\t\t\t<\/div>\n\t\t\t\t<\/div>\n\t\t\t\t\t<\/div>\n\t\t\t\t<\/div>\n\t\t<div class=\"elementor-element elementor-element-30ddbad du-lich-dich-vu e-flex e-con-boxed e-con e-parent\" data-id=\"30ddbad\" data-element_type=\"container\" data-settings=\"{&quot;background_background&quot;:&quot;classic&quot;,&quot;_ha_eqh_enable&quot;:false}\">\n\t\t\t\t\t<div class=\"e-con-inner\">\n\t\t<div class=\"elementor-element elementor-element-a86149b e-con-full e-flex e-con e-child\" data-id=\"a86149b\" data-element_type=\"container\" data-settings=\"{&quot;_ha_eqh_enable&quot;:false}\">\n\t\t<div class=\"elementor-element elementor-element-2b77e54 e-con-full e-flex e-con e-child\" data-id=\"2b77e54\" data-element_type=\"container\" data-settings=\"{&quot;background_background&quot;:&quot;classic&quot;,&quot;_ha_eqh_enable&quot;:false}\">\n\t\t\t\t<div class=\"elementor-element elementor-element-fe7064f elementor-widget elementor-widget-heading\" data-id=\"fe7064f\" data-element_type=\"widget\" data-widget_type=\"heading.default\">\n\t\t\t\t<div class=\"elementor-widget-container\">\n\t\t\t\t\t<h2 class=\"elementor-heading-title elementor-size-default\">L\u0128NH V\u1ef0C  <br>\nY T\u1ebe<\/h2>\t\t\t\t<\/div>\n\t\t\t\t<\/div>\n\t\t\t\t<\/div>\n\t\t<div class=\"elementor-element elementor-element-79b4475 col-right e-flex e-con-boxed e-con e-child\" data-id=\"79b4475\" data-element_type=\"container\" data-settings=\"{&quot;background_background&quot;:&quot;classic&quot;,&quot;_ha_eqh_enable&quot;:false}\">\n\t\t\t\t\t<div class=\"e-con-inner\">\n\t\t\t\t<div class=\"elementor-element elementor-element-cdee5a9 elementor-widget__width-inherit elementor-widget elementor-widget-heading\" data-id=\"cdee5a9\" data-element_type=\"widget\" data-widget_type=\"heading.default\">\n\t\t\t\t<div class=\"elementor-widget-container\">\n\t\t\t\t\t<h2 class=\"elementor-heading-title elementor-size-default\">B\u1ec7nh vi\u1ec7n qu\u1ed1c t\u1ebf, B\u1ec7nh vi\u1ec7n l\u00e3o khoa, c\u00e1c c\u01a1 s\u1edf kh\u00e1m ch\u1eefa b\u1ec7nh ch\u1ea5t l\u01b0\u1ee3ng cao..<\/h2>\t\t\t\t<\/div>\n\t\t\t\t<\/div>\n\t\t\t\t\t<\/div>\n\t\t\t\t<\/div>\n\t\t\t\t<\/div>\n\t\t<div class=\"elementor-element elementor-element-e23e83f e-con-full e-flex e-con e-child\" data-id=\"e23e83f\" data-element_type=\"container\" data-settings=\"{&quot;_ha_eqh_enable&quot;:false}\">\n\t\t<div class=\"elementor-element elementor-element-747c508 e-con-full e-flex e-con e-child\" data-id=\"747c508\" data-element_type=\"container\" data-settings=\"{&quot;background_background&quot;:&quot;classic&quot;,&quot;_ha_eqh_enable&quot;:false}\">\n\t\t\t\t<div class=\"elementor-element elementor-element-aac99c7 elementor-widget elementor-widget-heading\" data-id=\"aac99c7\" data-element_type=\"widget\" data-widget_type=\"heading.default\">\n\t\t\t\t<div class=\"elementor-widget-container\">\n\t\t\t\t\t<h2 class=\"elementor-heading-title elementor-size-default\"> L\u0128NH V\u1ef0C  <br>\nGI\u00c1O D\u1ee4C<\/h2>\t\t\t\t<\/div>\n\t\t\t\t<\/div>\n\t\t\t\t<\/div>\n\t\t<div class=\"elementor-element elementor-element-30c211d col-right e-flex e-con-boxed e-con e-child\" data-id=\"30c211d\" data-element_type=\"container\" data-settings=\"{&quot;background_background&quot;:&quot;classic&quot;,&quot;_ha_eqh_enable&quot;:false}\">\n\t\t\t\t\t<div class=\"e-con-inner\">\n\t\t\t\t<div class=\"elementor-element elementor-element-605c5ff elementor-widget__width-inherit elementor-widget elementor-widget-heading\" data-id=\"605c5ff\" data-element_type=\"widget\" data-widget_type=\"heading.default\">\n\t\t\t\t<div class=\"elementor-widget-container\">\n\t\t\t\t\t<h2 class=\"elementor-heading-title elementor-size-default\">C\u00e1c Tr\u01b0\u1eddng \u0110\u1ea1i h\u1ecdc, Trung t\u00e2m nghi\u00ean c\u1ee9u, c\u01a1 s\u1edf \u0111\u00e0o t\u1ea1o ngh\u1ec1... nh\u1eb1m ph\u00e1t tri\u1ec3n ngu\u1ed3n nh\u00e2n l\u1ef1c ch\u1ea5t l\u01b0\u1ee3ng cao ph\u1ee5c v\u1ee5 c\u00e1c ng\u00e0nh c\u00f4ng nghi\u1ec7p ch\u1ebf bi\u1ebfn ch\u1ebf t\u1ea1o, ch\u00edp b\u00e1n d\u1eabn..<\/h2>\t\t\t\t<\/div>\n\t\t\t\t<\/div>\n\t\t\t\t\t<\/div>\n\t\t\t\t<\/div>\n\t\t\t\t<\/div>\n\t\t\t\t\t<\/div>\n\t\t\t\t<\/div>\n\t\t<div class=\"elementor-element elementor-element-b6c8460 e-flex e-con-boxed e-con e-parent\" data-id=\"b6c8460\" data-element_type=\"container\" data-settings=\"{&quot;_ha_eqh_enable&quot;:false}\">\n\t\t\t\t\t<div class=\"e-con-inner\">\n\t\t\t\t<div class=\"elementor-element elementor-element-4247e0f elementor-widget elementor-widget-heading\" data-id=\"4247e0f\" data-element_type=\"widget\" data-widget_type=\"heading.default\">\n\t\t\t\t<div class=\"elementor-widget-container\">\n\t\t\t\t\t<h4 class=\"elementor-heading-title elementor-size-default\">M\u1ed8T S\u1ed0 DOANH NGHI\u1ec6P, \u0110\u1ed0I T\u00c1C TI\u00caU BI\u1ec2U \u0110\u00c3 \u0110\u1ea6U T\u01af<\/h4>\t\t\t\t<\/div>\n\t\t\t\t<\/div>\n\t\t<div class=\"elementor-element elementor-element-9b2d781 e-grid e-con-boxed e-con e-child\" data-id=\"9b2d781\" data-element_type=\"container\" data-settings=\"{&quot;_ha_eqh_enable&quot;:false}\">\n\t\t\t\t\t<div class=\"e-con-inner\">\n\t\t<div class=\"elementor-element elementor-element-1a40fe1 e-flex e-con-boxed e-con e-child\" data-id=\"1a40fe1\" data-element_type=\"container\" data-settings=\"{&quot;_ha_eqh_enable&quot;:false}\">\n\t\t\t\t\t<div class=\"e-con-inner\">\n\t\t\t\t<div class=\"elementor-element elementor-element-f180971 elementor-widget elementor-widget-image\" data-id=\"f180971\" data-element_type=\"widget\" data-widget_type=\"image.default\">\n\t\t\t\t<div class=\"elementor-widget-container\">\n\t\t\t\t\t\t\t\t\t\t\t\t\t\t\t<img fetchpriority=\"high\" decoding=\"async\" width=\"300\" height=\"189\" src=\"https:\/\/investinthanhhoa.gov.vn\/wp-content\/uploads\/2024\/04\/vinschool-300x189.png\" class=\"attachment-medium size-medium wp-image-9276\" alt=\"\" srcset=\"https:\/\/investinthanhhoa.gov.vn\/wp-content\/uploads\/2024\/04\/vinschool-300x189.png 300w, https:\/\/investinthanhhoa.gov.vn\/wp-content\/uploads\/2024\/04\/vinschool-18x12.png 18w, https:\/\/investinthanhhoa.gov.vn\/wp-content\/uploads\/2024\/04\/vinschool.png 331w\" sizes=\"(max-width: 300px) 100vw, 300px\" \/>\t\t\t\t\t\t\t\t\t\t\t\t\t\t\t<\/div>\n\t\t\t\t<\/div>\n\t\t\t\t<div class=\"elementor-element elementor-element-9ca188e elementor-widget elementor-widget-text-editor\" data-id=\"9ca188e\" data-element_type=\"widget\" data-widget_type=\"text-editor.default\">\n\t\t\t\t<div class=\"elementor-widget-container\">\n\t\t\t\t\t\t\t\t\t<p>\u00a0H\u1ec7 th\u1ed1ng gi\u00e1o d\u1ee5c Vinschool<\/p>\t\t\t\t\t\t\t\t<\/div>\n\t\t\t\t<\/div>\n\t\t\t\t\t<\/div>\n\t\t\t\t<\/div>\n\t\t<div class=\"elementor-element elementor-element-894d51c e-flex e-con-boxed e-con e-child\" data-id=\"894d51c\" data-element_type=\"container\" data-settings=\"{&quot;_ha_eqh_enable&quot;:false}\">\n\t\t\t\t\t<div class=\"e-con-inner\">\n\t\t\t\t<div class=\"elementor-element elementor-element-a1173bb elementor-widget elementor-widget-image\" data-id=\"a1173bb\" data-element_type=\"widget\" data-widget_type=\"image.default\">\n\t\t\t\t<div class=\"elementor-widget-container\">\n\t\t\t\t\t\t\t\t\t\t\t\t\t\t\t<img decoding=\"async\" width=\"300\" height=\"189\" src=\"https:\/\/investinthanhhoa.gov.vn\/wp-content\/uploads\/2024\/04\/fpt-school-300x189.png\" class=\"attachment-medium size-medium wp-image-9278\" alt=\"\" srcset=\"https:\/\/investinthanhhoa.gov.vn\/wp-content\/uploads\/2024\/04\/fpt-school-300x189.png 300w, https:\/\/investinthanhhoa.gov.vn\/wp-content\/uploads\/2024\/04\/fpt-school-18x12.png 18w, https:\/\/investinthanhhoa.gov.vn\/wp-content\/uploads\/2024\/04\/fpt-school.png 331w\" sizes=\"(max-width: 300px) 100vw, 300px\" \/>\t\t\t\t\t\t\t\t\t\t\t\t\t\t\t<\/div>\n\t\t\t\t<\/div>\n\t\t\t\t<div class=\"elementor-element elementor-element-b7197f3 elementor-widget elementor-widget-text-editor\" data-id=\"b7197f3\" data-element_type=\"widget\" data-widget_type=\"text-editor.default\">\n\t\t\t\t<div class=\"elementor-widget-container\">\n\t\t\t\t\t\t\t\t\t<p>H\u1ec7 th\u1ed1ng Tr\u01b0\u1eddng Ph\u1ed5 th\u00f4ng FPT<\/p>\t\t\t\t\t\t\t\t<\/div>\n\t\t\t\t<\/div>\n\t\t\t\t\t<\/div>\n\t\t\t\t<\/div>\n\t\t<div class=\"elementor-element elementor-element-9145869 e-flex e-con-boxed e-con e-child\" data-id=\"9145869\" data-element_type=\"container\" data-settings=\"{&quot;_ha_eqh_enable&quot;:false}\">\n\t\t\t\t\t<div class=\"e-con-inner\">\n\t\t\t\t<div class=\"elementor-element elementor-element-74fd560 elementor-widget elementor-widget-image\" data-id=\"74fd560\" data-element_type=\"widget\" data-widget_type=\"image.default\">\n\t\t\t\t<div class=\"elementor-widget-container\">\n\t\t\t\t\t\t\t\t\t\t\t\t\t\t\t<img decoding=\"async\" width=\"300\" height=\"189\" src=\"https:\/\/investinthanhhoa.gov.vn\/wp-content\/uploads\/2024\/04\/BV-DA-KHOA-QUOC-TE-HOP-LUC-OK-300x189.jpg\" class=\"attachment-medium size-medium wp-image-9271\" alt=\"\" srcset=\"https:\/\/investinthanhhoa.gov.vn\/wp-content\/uploads\/2024\/04\/BV-DA-KHOA-QUOC-TE-HOP-LUC-OK-300x189.jpg 300w, https:\/\/investinthanhhoa.gov.vn\/wp-content\/uploads\/2024\/04\/BV-DA-KHOA-QUOC-TE-HOP-LUC-OK-18x12.jpg 18w, https:\/\/investinthanhhoa.gov.vn\/wp-content\/uploads\/2024\/04\/BV-DA-KHOA-QUOC-TE-HOP-LUC-OK.jpg 331w\" sizes=\"(max-width: 300px) 100vw, 300px\" \/>\t\t\t\t\t\t\t\t\t\t\t\t\t\t\t<\/div>\n\t\t\t\t<\/div>\n\t\t\t\t<div class=\"elementor-element elementor-element-771cd32 elementor-widget elementor-widget-text-editor\" data-id=\"771cd32\" data-element_type=\"widget\" data-widget_type=\"text-editor.default\">\n\t\t\t\t<div class=\"elementor-widget-container\">\n\t\t\t\t\t\t\t\t\t<p>B\u1ec7nh vi\u1ec7n \u0111a khoa qu\u1ed1c t\u1ebf H\u1ee3p L\u1ef1c<\/p>\t\t\t\t\t\t\t\t<\/div>\n\t\t\t\t<\/div>\n\t\t\t\t\t<\/div>\n\t\t\t\t<\/div>\n\t\t<div class=\"elementor-element elementor-element-c1333cb e-flex e-con-boxed e-con e-child\" data-id=\"c1333cb\" data-element_type=\"container\" data-settings=\"{&quot;_ha_eqh_enable&quot;:false}\">\n\t\t\t\t\t<div class=\"e-con-inner\">\n\t\t\t\t<div class=\"elementor-element elementor-element-9f0f701 elementor-widget elementor-widget-image\" data-id=\"9f0f701\" data-element_type=\"widget\" data-widget_type=\"image.default\">\n\t\t\t\t<div class=\"elementor-widget-container\">\n\t\t\t\t\t\t\t\t\t\t\t\t\t\t\t<img loading=\"lazy\" decoding=\"async\" width=\"300\" height=\"189\" src=\"https:\/\/investinthanhhoa.gov.vn\/wp-content\/uploads\/2024\/05\/logo-bv-da-khoa-thanh-ha-300x189.png\" class=\"attachment-medium size-medium wp-image-9312\" alt=\"\" srcset=\"https:\/\/investinthanhhoa.gov.vn\/wp-content\/uploads\/2024\/05\/logo-bv-da-khoa-thanh-ha-300x189.png 300w, https:\/\/investinthanhhoa.gov.vn\/wp-content\/uploads\/2024\/05\/logo-bv-da-khoa-thanh-ha-18x12.png 18w, https:\/\/investinthanhhoa.gov.vn\/wp-content\/uploads\/2024\/05\/logo-bv-da-khoa-thanh-ha.png 331w\" sizes=\"(max-width: 300px) 100vw, 300px\" \/>\t\t\t\t\t\t\t\t\t\t\t\t\t\t\t<\/div>\n\t\t\t\t<\/div>\n\t\t\t\t<div class=\"elementor-element elementor-element-8ec989a elementor-widget elementor-widget-text-editor\" data-id=\"8ec989a\" data-element_type=\"widget\" data-widget_type=\"text-editor.default\">\n\t\t\t\t<div class=\"elementor-widget-container\">\n\t\t\t\t\t\t\t\t\t<p>B\u1ec7nh vi\u1ec7n \u0111a khoa Thanh H\u00e0<\/p>\t\t\t\t\t\t\t\t<\/div>\n\t\t\t\t<\/div>\n\t\t\t\t\t<\/div>\n\t\t\t\t<\/div>\n\t\t<div class=\"elementor-element elementor-element-925aa46 e-flex e-con-boxed e-con e-child\" data-id=\"925aa46\" data-element_type=\"container\" data-settings=\"{&quot;_ha_eqh_enable&quot;:false}\">\n\t\t\t\t\t<div class=\"e-con-inner\">\n\t\t\t\t<div class=\"elementor-element elementor-element-3c0cc23 elementor-widget elementor-widget-image\" data-id=\"3c0cc23\" data-element_type=\"widget\" data-widget_type=\"image.default\">\n\t\t\t\t<div class=\"elementor-widget-container\">\n\t\t\t\t\t\t\t\t\t\t\t\t\t\t\t<img loading=\"lazy\" decoding=\"async\" width=\"300\" height=\"189\" src=\"https:\/\/investinthanhhoa.gov.vn\/wp-content\/uploads\/2024\/05\/logo-bv-da-khoa-phuc-thinh-300x189.png\" class=\"attachment-medium size-medium wp-image-9311\" alt=\"\" srcset=\"https:\/\/investinthanhhoa.gov.vn\/wp-content\/uploads\/2024\/05\/logo-bv-da-khoa-phuc-thinh-300x189.png 300w, https:\/\/investinthanhhoa.gov.vn\/wp-content\/uploads\/2024\/05\/logo-bv-da-khoa-phuc-thinh-18x12.png 18w, https:\/\/investinthanhhoa.gov.vn\/wp-content\/uploads\/2024\/05\/logo-bv-da-khoa-phuc-thinh.png 331w\" sizes=\"(max-width: 300px) 100vw, 300px\" \/>\t\t\t\t\t\t\t\t\t\t\t\t\t\t\t<\/div>\n\t\t\t\t<\/div>\n\t\t\t\t<div class=\"elementor-element elementor-element-3fb24f2 elementor-widget elementor-widget-text-editor\" data-id=\"3fb24f2\" data-element_type=\"widget\" data-widget_type=\"text-editor.default\">\n\t\t\t\t<div class=\"elementor-widget-container\">\n\t\t\t\t\t\t\t\t\t<p>B\u1ec7nh vi\u1ec7n \u0111a khoa Ph\u00fac Th\u1ecbnh<\/p>\t\t\t\t\t\t\t\t<\/div>\n\t\t\t\t<\/div>\n\t\t\t\t\t<\/div>\n\t\t\t\t<\/div>\n\t\t<div class=\"elementor-element elementor-element-f7c7b55 e-flex e-con-boxed e-con e-child\" data-id=\"f7c7b55\" data-element_type=\"container\" data-settings=\"{&quot;_ha_eqh_enable&quot;:false}\">\n\t\t\t\t\t<div class=\"e-con-inner\">\n\t\t\t\t<div class=\"elementor-element elementor-element-1cc52c7 elementor-widget elementor-widget-image\" data-id=\"1cc52c7\" data-element_type=\"widget\" data-widget_type=\"image.default\">\n\t\t\t\t<div class=\"elementor-widget-container\">\n\t\t\t\t\t\t\t\t\t\t\t\t\t\t\t<img loading=\"lazy\" decoding=\"async\" width=\"300\" height=\"189\" src=\"https:\/\/investinthanhhoa.gov.vn\/wp-content\/uploads\/2024\/05\/he-thong-giao-duc-Newton-TH-School-300x189.png\" class=\"attachment-medium size-medium wp-image-9318\" alt=\"\" srcset=\"https:\/\/investinthanhhoa.gov.vn\/wp-content\/uploads\/2024\/05\/he-thong-giao-duc-Newton-TH-School-300x189.png 300w, https:\/\/investinthanhhoa.gov.vn\/wp-content\/uploads\/2024\/05\/he-thong-giao-duc-Newton-TH-School-18x12.png 18w, https:\/\/investinthanhhoa.gov.vn\/wp-content\/uploads\/2024\/05\/he-thong-giao-duc-Newton-TH-School.png 331w\" sizes=\"(max-width: 300px) 100vw, 300px\" \/>\t\t\t\t\t\t\t\t\t\t\t\t\t\t\t<\/div>\n\t\t\t\t<\/div>\n\t\t\t\t<div class=\"elementor-element elementor-element-2f10e18 elementor-widget elementor-widget-text-editor\" data-id=\"2f10e18\" data-element_type=\"widget\" data-widget_type=\"text-editor.default\">\n\t\t\t\t<div class=\"elementor-widget-container\">\n\t\t\t\t\t\t\t\t\t<p>H\u1ec7 th\u1ed1ng gi\u00e1o d\u1ee5c Newton TH School<\/p>\t\t\t\t\t\t\t\t<\/div>\n\t\t\t\t<\/div>\n\t\t\t\t\t<\/div>\n\t\t\t\t<\/div>\n\t\t<div class=\"elementor-element elementor-element-3f94a17 e-flex e-con-boxed e-con e-child\" data-id=\"3f94a17\" data-element_type=\"container\" data-settings=\"{&quot;_ha_eqh_enable&quot;:false}\">\n\t\t\t\t\t<div class=\"e-con-inner\">\n\t\t\t\t<div class=\"elementor-element elementor-element-6594c27 elementor-widget elementor-widget-image\" data-id=\"6594c27\" data-element_type=\"widget\" data-widget_type=\"image.default\">\n\t\t\t\t<div class=\"elementor-widget-container\">\n\t\t\t\t\t\t\t\t\t\t\t\t\t\t\t<img loading=\"lazy\" decoding=\"async\" width=\"300\" height=\"189\" src=\"https:\/\/investinthanhhoa.gov.vn\/wp-content\/uploads\/2024\/05\/he-thong-giao-duc-qthschool-300x189.png\" class=\"attachment-medium size-medium wp-image-9313\" alt=\"\" srcset=\"https:\/\/investinthanhhoa.gov.vn\/wp-content\/uploads\/2024\/05\/he-thong-giao-duc-qthschool-300x189.png 300w, https:\/\/investinthanhhoa.gov.vn\/wp-content\/uploads\/2024\/05\/he-thong-giao-duc-qthschool-18x12.png 18w, https:\/\/investinthanhhoa.gov.vn\/wp-content\/uploads\/2024\/05\/he-thong-giao-duc-qthschool.png 331w\" sizes=\"(max-width: 300px) 100vw, 300px\" \/>\t\t\t\t\t\t\t\t\t\t\t\t\t\t\t<\/div>\n\t\t\t\t<\/div>\n\t\t\t\t<div class=\"elementor-element elementor-element-2e0d98e elementor-widget elementor-widget-text-editor\" data-id=\"2e0d98e\" data-element_type=\"widget\" data-widget_type=\"text-editor.default\">\n\t\t\t\t<div class=\"elementor-widget-container\">\n\t\t\t\t\t\t\t\t\t<p>H\u1ec7 th\u1ed1ng gi\u00e1o d\u1ee5c QTH School<\/p>\t\t\t\t\t\t\t\t<\/div>\n\t\t\t\t<\/div>\n\t\t\t\t\t<\/div>\n\t\t\t\t<\/div>\n\t\t<div class=\"elementor-element elementor-element-187fe65 e-flex e-con-boxed e-con e-child\" data-id=\"187fe65\" data-element_type=\"container\" data-settings=\"{&quot;_ha_eqh_enable&quot;:false}\">\n\t\t\t\t\t<div class=\"e-con-inner\">\n\t\t\t\t<div class=\"elementor-element elementor-element-a20e6c0 elementor-widget elementor-widget-image\" data-id=\"a20e6c0\" data-element_type=\"widget\" data-widget_type=\"image.default\">\n\t\t\t\t<div class=\"elementor-widget-container\">\n\t\t\t\t\t\t\t\t\t\t\t\t\t\t\t<img loading=\"lazy\" decoding=\"async\" width=\"300\" height=\"189\" src=\"https:\/\/investinthanhhoa.gov.vn\/wp-content\/uploads\/2024\/05\/he-thong-giao-duc-Nobel-School-300x189.png\" class=\"attachment-medium size-medium wp-image-9314\" alt=\"\" srcset=\"https:\/\/investinthanhhoa.gov.vn\/wp-content\/uploads\/2024\/05\/he-thong-giao-duc-Nobel-School-300x189.png 300w, https:\/\/investinthanhhoa.gov.vn\/wp-content\/uploads\/2024\/05\/he-thong-giao-duc-Nobel-School-18x12.png 18w, https:\/\/investinthanhhoa.gov.vn\/wp-content\/uploads\/2024\/05\/he-thong-giao-duc-Nobel-School.png 331w\" sizes=\"(max-width: 300px) 100vw, 300px\" \/>\t\t\t\t\t\t\t\t\t\t\t\t\t\t\t<\/div>\n\t\t\t\t<\/div>\n\t\t\t\t<div class=\"elementor-element elementor-element-a1fdd83 elementor-widget elementor-widget-text-editor\" data-id=\"a1fdd83\" data-element_type=\"widget\" data-widget_type=\"text-editor.default\">\n\t\t\t\t<div class=\"elementor-widget-container\">\n\t\t\t\t\t\t\t\t\t<p>H\u1ec7 th\u1ed1ng gi\u00e1o d\u1ee5c Nobel School<\/p>\t\t\t\t\t\t\t\t<\/div>\n\t\t\t\t<\/div>\n\t\t\t\t\t<\/div>\n\t\t\t\t<\/div>\n\t\t\t\t\t<\/div>\n\t\t\t\t<\/div>\n\t\t\t\t\t<\/div>\n\t\t\t\t<\/div>\n\t\t\t\t<\/div>\n\t\t","protected":false},"excerpt":{"rendered":"<p>L\u0128NH V\u1ef0C THU H\u00daT \u0110\u1ea6U T\u01af Y T\u1ebe, GI\u00c1O D\u1ee4C L\u0128NH V\u1ef0C Y T\u1ebe B\u1ec7nh vi\u1ec7n qu\u1ed1c t\u1ebf, B\u1ec7nh vi\u1ec7n l\u00e3o khoa, c\u00e1c c\u01a1 s\u1edf kh\u00e1m ch\u1eefa b\u1ec7nh ch\u1ea5t l\u01b0\u1ee3ng cao.. L\u0128NH V\u1ef0C GI\u00c1O D\u1ee4C C\u00e1c Tr\u01b0\u1eddng \u0110\u1ea1i h\u1ecdc, Trung t\u00e2m nghi\u00ean c\u1ee9u, c\u01a1 s\u1edf \u0111\u00e0o t\u1ea1o ngh\u1ec1&#8230; nh\u1eb1m ph\u00e1t tri\u1ec3n ngu\u1ed3n nh\u00e2n l\u1ef1c ch\u1ea5t [&hellip;]<\/p>\n","protected":false},"author":1,"featured_media":0,"parent":0,"menu_order":0,"comment_status":"closed","ping_status":"closed","template":"","meta":{"inline_featured_image":false,"footnotes":""},"class_list":["post-9262","page","type-page","status-publish","hentry"],"acf":[],"_links":{"self":[{"href":"https:\/\/investinthanhhoa.gov.vn\/vi\/wp-json\/wp\/v2\/pages\/9262","targetHints":{"allow":["GET"]}}],"collection":[{"href":"https:\/\/investinthanhhoa.gov.vn\/vi\/wp-json\/wp\/v2\/pages"}],"about":[{"href":"https:\/\/investinthanhhoa.gov.vn\/vi\/wp-json\/wp\/v2\/types\/page"}],"author":[{"embeddable":true,"href":"https:\/\/investinthanhhoa.gov.vn\/vi\/wp-json\/wp\/v2\/users\/1"}],"replies":[{"embeddable":true,"href":"https:\/\/investinthanhhoa.gov.vn\/vi\/wp-json\/wp\/v2\/comments?post=9262"}],"version-history":[{"count":0,"href":"https:\/\/investinthanhhoa.gov.vn\/vi\/wp-json\/wp\/v2\/pages\/9262\/revisions"}],"wp:attachment":[{"href":"https:\/\/investinthanhhoa.gov.vn\/vi\/wp-json\/wp\/v2\/media?parent=9262"}],"curies":[{"name":"wp","href":"https:\/\/api.w.org\/{rel}","templated":true}]}}