{"id":93,"date":"2024-03-21T11:54:41","date_gmt":"2024-03-21T04:54:41","guid":{"rendered":"https:\/\/daututhanhhoa.minhkhang.net\/?page_id=93"},"modified":"2026-03-26T09:36:32","modified_gmt":"2026-03-26T02:36:32","slug":"du-an-da-dau-tu","status":"publish","type":"page","link":"https:\/\/investinthanhhoa.gov.vn\/vi\/du-an-da-dau-tu","title":{"rendered":"D\u1ef1 \u00e1n FDI \u0111\u00e3 \u0111\u1ea7u t\u01b0"},"content":{"rendered":"\t\t<div data-elementor-type=\"wp-page\" data-elementor-id=\"93\" class=\"elementor elementor-93\" data-elementor-settings=\"{&quot;ha_cmc_init_switcher&quot;:&quot;no&quot;}\" data-elementor-post-type=\"page\">\n\t\t\t\t<div class=\"elementor-element elementor-element-5de2922 e-flex e-con-boxed e-con e-parent\" data-id=\"5de2922\" data-element_type=\"container\" data-settings=\"{&quot;background_background&quot;:&quot;classic&quot;,&quot;_ha_eqh_enable&quot;:false}\">\n\t\t\t\t\t<div class=\"e-con-inner\">\n\t\t\t\t<div class=\"elementor-element elementor-element-8b6c410 elementor-widget__width-initial elementor-widget elementor-widget-heading\" data-id=\"8b6c410\" data-element_type=\"widget\" data-widget_type=\"heading.default\">\n\t\t\t\t<div class=\"elementor-widget-container\">\n\t\t\t\t\t<h1 class=\"elementor-heading-title elementor-size-default\">D\u1ef0 \u00c1N \u0110\u00c3 \u0110\u1ea6U T\u01af<\/h1>\t\t\t\t<\/div>\n\t\t\t\t<\/div>\n\t\t\t\t\t<\/div>\n\t\t\t\t<\/div>\n\t\t<div class=\"elementor-element elementor-element-833d283 e-flex e-con-boxed e-con e-parent\" data-id=\"833d283\" data-element_type=\"container\" data-settings=\"{&quot;_ha_eqh_enable&quot;:false}\">\n\t\t\t\t\t<div class=\"e-con-inner\">\n\t\t\t\t<div class=\"elementor-element elementor-element-ed2370b elementor-widget__width-initial elementor-widget-mobile__width-inherit elementor-widget elementor-widget-shortcode\" data-id=\"ed2370b\" data-element_type=\"widget\" data-widget_type=\"shortcode.default\">\n\t\t\t\t<div class=\"elementor-widget-container\">\n\t\t\t\t\t<form class=\"search-box\" method=\"get\" action=\"\">\n\t\t<input type=\"text\" name=\"q\" placeholder=\"Nh\u1eadp t\u00ean ...\" class=\"search-input\" value=\"\"><\/input>\n\t\t<button type=\"submit\" class=\"search-submit\">\n\t\t\t<img decoding=\"async\" src=\"\/wp-content\/uploads\/2024\/03\/Group-71.svg\" alt=\"\"><\/img>\n\t\t\t<span>T\u00ecm ki\u1ebfm<\/span>\n\t\t<\/button>\n\t<\/form><div class=\"dadt-container d-flex\"><form class=\"filter-section\" method=\"get\"><!-- end: Filter Ng\u00e0nh\/ L\u0129nh v\u1ef1c -->\n\n    <!-- begin: Filter \u0110\u1ecba \u0111i\u1ec3m -->\n    <div class=\"card-header\">\n        <h6 class=\"card-title\">\u0110\u1ecba \u0111i\u1ec3m<\/h6>\n    <\/div>\n    <div class=\"card-body\">\n\t\t<select class=\"filter-select\" id=\"ward\" name=\"phuong_xa\" style=\"width: 100%\">\n            <option value=\"\" selected>T\u1ea5t c\u1ea3 ph\u01b0\u1eddng x\u00e3<\/option>\n        <\/select>\n    <\/div>\n    <!-- end: Filter \u0110\u1ecba \u0111i\u1ec3m -->\n    <div class=\"card-footer\">\n        <button class=\"submit-btn\" type=\"submit\">\u00c1p d\u1ee5ng<\/button>\n    <\/div>\n<\/form>\n<link href=\"https:\/\/cdn.jsdelivr.net\/npm\/select2@4.1.0-rc.0\/dist\/css\/select2.min.css\" rel=\"stylesheet\" \/>\n<script src=\"https:\/\/code.jquery.com\/jquery-3.6.0.min.js\"><\/script>\n<script src=\"https:\/\/cdn.jsdelivr.net\/npm\/select2@4.1.0-rc.0\/dist\/js\/select2.min.js\"><\/script>\n<style>\n .filter-section .select2-container--default .select2-selection--single {\n    border: 1px solid #ced4da;\n    height: 40px;\n    display: flex;\n    align-items: center;\n }\n .filter-section .select2-container--default .select2-selection--single .select2-selection__arrow {\n    height: 38px;\n }\n<\/style>\n<script src=\"https:\/\/cdnjs.cloudflare.com\/ajax\/libs\/axios\/0.21.1\/axios.min.js\"><\/script>\n<script>\n  var wards = document.getElementById(\"ward\");\n\n  var Parameter = {\n    url: \"https:\/\/provinces.open-api.vn\/api\/v2\/p\/38?depth=2\",\n    method: \"GET\",\n    responseType: \"application\/json\",\n  };\n  var promise = axios(Parameter);\n  promise.then(function (result) {\n    renderWards(result.data);\n  });\n\n  function renderWards(data) {\n    \/\/ S\u1eafp x\u1ebfp wards theo t\u00ean (alphabet)\n    const sortedWards = data.wards.sort((a, b) =>\n      a.name.localeCompare(b.name, \"vi\", { sensitivity: \"base\" })\n    );\n\n    for (const ward of sortedWards) {\n      var optWard = document.createElement(\"option\");\n      optWard.value = ward.name;\n      optWard.text = ward.name;\n      optWard.setAttribute(\"data-id\", ward.codename);\n      wards.options.add(optWard);\n    }\n\n    \/\/ Kh\u1edfi t\u1ea1o Select2 sau khi render xong wards\n    jQuery(document).ready(function($) {\n        $(\"#ward\").select2({\n            placeholder: \"Ch\u1ecdn ph\u01b0\u1eddng x\u00e3\",\n            allowClear: true,\n            language: {\n                noResults: function() {\n                    return \"Kh\u00f4ng t\u00ecm th\u1ea5y k\u1ebft qu\u1ea3\";\n                }\n            }\n        });\n    });\n  }\n<\/script>\n\n<main><div class=\"card-container\"><div class=\"card\"><a href=\"https:\/\/investinthanhhoa.gov.vn\/vi\/p\/du-an-dau-tu\/trung-tam-thuong-mai-aeonmall-thanh-hoa\"><div class=\"card-content\"><div class=\"card-content-img\"><img decoding=\"async\" width=\"150\" height=\"150\" src=\"https:\/\/investinthanhhoa.gov.vn\/wp-content\/uploads\/2025\/03\/photo-1733741537030-17337415401001644366850-150x150.png\" class=\"card-img-top\" alt=\"\" \/><\/div><span class=\"card-title text-truncate_2_lines\">TRUNG T\u00c2M TH\u01af\u01a0NG M\u1ea0I AEONMALL THANH H\u00d3A<\/span><\/a><div class=\"card-info\"><span class=\"text-truncate_2_lines\"><span style=\"font-weight: bold; font-style: italic\">\u0110\u1ecba \u0111i\u1ec3m:<\/span> Ph\u01b0\u1eddng Qu\u1ea3ng Th\u00e0nh, Th\u00e0nh ph\u1ed1 Thanh H\u00f3a<\/span><span><span style=\"font-weight: bold; font-style: italic\">T\u1ed5ng v\u1ed1n \u0111\u1ea7u t\u01b0:<\/span> 180,46 tri\u1ec7u USD <\/span><span><span style=\"font-weight: bold; font-style: italic\">N\u01b0\u1edbc \u0111\u0103ng k\u00fd:<\/span> Nh\u1eadt B\u1ea3n <\/span><\/div><\/div><\/div><div class=\"card\"><a href=\"https:\/\/investinthanhhoa.gov.vn\/vi\/p\/du-an-dau-tu\/lien-hop-loc-hoa-dau-nghi-son\"><div class=\"card-content\"><div class=\"card-content-img\"><img decoding=\"async\" width=\"150\" height=\"150\" src=\"https:\/\/investinthanhhoa.gov.vn\/wp-content\/uploads\/2024\/04\/NHA-MAY-LOC-DAU-NGHI-SON-150x150.jpg\" class=\"card-img-top\" alt=\"\" \/><\/div><span class=\"card-title text-truncate_2_lines\">LI\u00caN H\u1ee2P L\u1eccC H\u00d3A D\u1ea6U NGHI S\u01a0N<\/span><\/a><div class=\"card-info\"><span class=\"text-truncate_2_lines\"><span style=\"font-weight: bold; font-style: italic\">\u0110\u1ecba \u0111i\u1ec3m:<\/span> KCN s\u1ed1 7, KKT Nghi S\u01a1n<\/span><span><span style=\"font-weight: bold; font-style: italic\">T\u1ed5ng v\u1ed1n \u0111\u1ea7u t\u01b0:<\/span> 9.000 tri\u1ec7u USD <\/span><span><span style=\"font-weight: bold; font-style: italic\">N\u01b0\u1edbc \u0111\u0103ng k\u00fd:<\/span> C\u00f4 o\u00e9t, Nh\u1eadt B\u1ea3n <\/span><\/div><\/div><\/div><div class=\"card\"><a href=\"https:\/\/investinthanhhoa.gov.vn\/vi\/p\/du-an-dau-tu\/nha-may-nhiet-dien-bot-nghi-son\"><div class=\"card-content\"><div class=\"card-content-img\"><img decoding=\"async\" width=\"150\" height=\"150\" src=\"https:\/\/investinthanhhoa.gov.vn\/wp-content\/uploads\/2024\/04\/z5292098711958_e714a1957c1f0f02e17344dfb1b96886-150x150.jpg\" class=\"card-img-top\" alt=\"\" \/><\/div><span class=\"card-title text-truncate_2_lines\">NH\u00c0 M\u00c1Y NHI\u1ec6T \u0110I\u1ec6N BOT NGHI S\u01a0N 2<\/span><\/a><div class=\"card-info\"><span class=\"text-truncate_2_lines\"><span style=\"font-weight: bold; font-style: italic\">\u0110\u1ecba \u0111i\u1ec3m:<\/span> KCN s\u1ed1 10, KKT Nghi S\u01a1n<\/span><span><span style=\"font-weight: bold; font-style: italic\">T\u1ed5ng v\u1ed1n \u0111\u1ea7u t\u01b0:<\/span> 2,793 t\u1ef7 USD <\/span><span><span style=\"font-weight: bold; font-style: italic\">N\u01b0\u1edbc \u0111\u0103ng k\u00fd:<\/span> H\u00e0n Qu\u1ed1c, Nh\u1eadt B\u1ea3n <\/span><\/div><\/div><\/div><div class=\"card\"><a href=\"https:\/\/investinthanhhoa.gov.vn\/vi\/p\/du-an-dau-tu\/nha-may-xi-mang-nghi-son\"><div class=\"card-content\"><div class=\"card-content-img\"><img loading=\"lazy\" decoding=\"async\" width=\"150\" height=\"150\" src=\"https:\/\/investinthanhhoa.gov.vn\/wp-content\/uploads\/2024\/04\/nha-may-xi-mang-nghi-son-150x150.jpg\" class=\"card-img-top\" alt=\"\" \/><\/div><span class=\"card-title text-truncate_2_lines\">NH\u00c0 M\u00c1Y XI M\u0102NG NGHI S\u01a0N<\/span><\/a><div class=\"card-info\"><span class=\"text-truncate_2_lines\"><span style=\"font-weight: bold; font-style: italic\">\u0110\u1ecba \u0111i\u1ec3m:<\/span> Khu kinh t\u1ebf Nghi S\u01a1n<\/span><span><span style=\"font-weight: bold; font-style: italic\">T\u1ed5ng v\u1ed1n \u0111\u1ea7u t\u01b0:<\/span> 621,91 tri\u1ec7u USD <\/span><span><span style=\"font-weight: bold; font-style: italic\">N\u01b0\u1edbc \u0111\u0103ng k\u00fd:<\/span> Nh\u1eadt B\u1ea3n <\/span><\/div><\/div><\/div><div class=\"card\"><a href=\"https:\/\/investinthanhhoa.gov.vn\/vi\/p\/du-an-dau-tu\/nha-may-san-xuat-giay-annora-kkt-nghi-son\"><div class=\"card-content\"><div class=\"card-content-img\"><img loading=\"lazy\" decoding=\"async\" width=\"150\" height=\"150\" src=\"https:\/\/investinthanhhoa.gov.vn\/wp-content\/uploads\/2024\/04\/nha-may_Annora_Vietnam_factory-150x150.jpg\" class=\"card-img-top\" alt=\"\" \/><\/div><span class=\"card-title text-truncate_2_lines\">NH\u00c0 M\u00c1Y S\u1ea2N XU\u1ea4T GI\u1ea6Y ANNORA &#8211; KKT NGHI S\u01a0N<\/span><\/a><div class=\"card-info\"><span class=\"text-truncate_2_lines\"><span style=\"font-weight: bold; font-style: italic\">\u0110\u1ecba \u0111i\u1ec3m:<\/span> Khu kinh t\u1ebf Nghi S\u01a1n<\/span><span><span style=\"font-weight: bold; font-style: italic\">T\u1ed5ng v\u1ed1n \u0111\u1ea7u t\u01b0:<\/span> 135,5 tri\u1ec7u USD. <\/span><span><span style=\"font-weight: bold; font-style: italic\">N\u01b0\u1edbc \u0111\u0103ng k\u00fd:<\/span> \u0110\u00e0i Loan <\/span><\/div><\/div><\/div><div class=\"card\"><a href=\"https:\/\/investinthanhhoa.gov.vn\/vi\/p\/du-an-dau-tu\/nha-may-san-xuat-dau-an-va-cac-san-pham-chiet-xuat-tu-dau-an\"><div class=\"card-content\"><div class=\"card-content-img\"><img loading=\"lazy\" decoding=\"async\" width=\"150\" height=\"150\" src=\"https:\/\/investinthanhhoa.gov.vn\/wp-content\/uploads\/2024\/04\/nha-may-dau-an-150x150.jpg\" class=\"card-img-top\" alt=\"\" \/><\/div><span class=\"card-title text-truncate_2_lines\">NH\u00c0 M\u00c1Y S\u1ea2N XU\u1ea4T D\u1ea6U \u0102N V\u00c0 C\u00c1C S\u1ea2N PH\u1ea8M CHI\u1ebeT XU\u1ea4T T\u1eea D\u1ea6U \u0102N<\/span><\/a><div class=\"card-info\"><span class=\"text-truncate_2_lines\"><span style=\"font-weight: bold; font-style: italic\">\u0110\u1ecba \u0111i\u1ec3m:<\/span> Khu kinh t\u1ebf Nghi S\u01a1n<\/span><span><span style=\"font-weight: bold; font-style: italic\">T\u1ed5ng v\u1ed1n \u0111\u1ea7u t\u01b0:<\/span> 71,5 tri\u1ec7u USD <\/span><span><span style=\"font-weight: bold; font-style: italic\">N\u01b0\u1edbc \u0111\u0103ng k\u00fd:<\/span> Singapore <\/span><\/div><\/div><\/div><div class=\"card\"><a href=\"https:\/\/investinthanhhoa.gov.vn\/vi\/p\/du-an-dau-tu\/nha-may-may-sakurai-viet-nam\"><div class=\"card-content\"><div class=\"card-content-img\"><img loading=\"lazy\" decoding=\"async\" width=\"150\" height=\"150\" src=\"https:\/\/investinthanhhoa.gov.vn\/wp-content\/uploads\/2024\/04\/nha-may-may-sakurai-150x150.png\" class=\"card-img-top\" alt=\"\" \/><\/div><span class=\"card-title text-truncate_2_lines\">NH\u00c0 M\u00c1Y MAY SAKURAI VI\u1ec6T NAM<\/span><\/a><div class=\"card-info\"><span class=\"text-truncate_2_lines\"><span style=\"font-weight: bold; font-style: italic\">\u0110\u1ecba \u0111i\u1ec3m:<\/span> KCN L\u1ec5 M\u00f4n, TP. Thanh H\u00f3a<\/span><span><span style=\"font-weight: bold; font-style: italic\">T\u1ed5ng v\u1ed1n \u0111\u1ea7u t\u01b0:<\/span> 72,2 tri\u1ec7u USD <\/span><span><span style=\"font-weight: bold; font-style: italic\">N\u01b0\u1edbc \u0111\u0103ng k\u00fd:<\/span> Nh\u1eadt B\u1ea3n <\/span><\/div><\/div><\/div><div class=\"card\"><a href=\"https:\/\/investinthanhhoa.gov.vn\/vi\/p\/du-an-dau-tu\/nha-may-san-xuat-lop-o-to-radial\"><div class=\"card-content\"><div class=\"card-content-img\"><img loading=\"lazy\" decoding=\"async\" width=\"150\" height=\"150\" src=\"https:\/\/investinthanhhoa.gov.vn\/wp-content\/uploads\/2024\/04\/cofo-150x150.jpg\" class=\"card-img-top\" alt=\"To\u00e0n c\u1ea3nh Nh\u00e0 m\u00e1y s\u1ea3n xu\u1ea5t l\u1ed1p Radial t\u1ea1i KCN B\u1ec9m S\u01a1n, Ph\u01b0\u1eddng B\u1ec9m S\u01a1n, T\u1ec9nh Thanh H\u00f3a\" \/><\/div><span class=\"card-title text-truncate_2_lines\">NH\u00c0 M\u00c1Y S\u1ea2N XU\u1ea4T L\u1ed0P \u00d4 T\u00d4 RADIAL<\/span><\/a><div class=\"card-info\"><span class=\"text-truncate_2_lines\"><span style=\"font-weight: bold; font-style: italic\">\u0110\u1ecba \u0111i\u1ec3m:<\/span> Khu B, KCN B\u1ec9m S\u01a1n<\/span><span><span style=\"font-weight: bold; font-style: italic\">T\u1ed5ng v\u1ed1n \u0111\u1ea7u t\u01b0:<\/span> 64,1 tri\u1ec7u USD <\/span><span><span style=\"font-weight: bold; font-style: italic\">N\u01b0\u1edbc \u0111\u0103ng k\u00fd:<\/span> Vi\u1ec7t Nam - Singapore <\/span><\/div><\/div><\/div><div class=\"card\"><a href=\"https:\/\/investinthanhhoa.gov.vn\/vi\/p\/du-an-dau-tu\/nha-may-san-xuat-vai-billion-union-viet-nam\"><div class=\"card-content\"><div class=\"card-content-img\"><img loading=\"lazy\" decoding=\"async\" width=\"150\" height=\"150\" src=\"https:\/\/investinthanhhoa.gov.vn\/wp-content\/uploads\/2024\/04\/nha-may-sx-vai-billion-union-150x150.png\" class=\"card-img-top\" alt=\"\" \/><\/div><span class=\"card-title text-truncate_2_lines\">NH\u00c0 M\u00c1Y S\u1ea2N XU\u1ea4T V\u1ea2I BILLION UNION VI\u1ec6T NAM<\/span><\/a><div class=\"card-info\"><span class=\"text-truncate_2_lines\"><span style=\"font-weight: bold; font-style: italic\">\u0110\u1ecba \u0111i\u1ec3m:<\/span> X\u00e3 T\u00e2n Tr\u01b0\u1eddng, TX. Nghi S\u01a1n<\/span><span><span style=\"font-weight: bold; font-style: italic\">T\u1ed5ng v\u1ed1n \u0111\u1ea7u t\u01b0:<\/span> 70 tri\u1ec7u USD. <\/span><span><span style=\"font-weight: bold; font-style: italic\">N\u01b0\u1edbc \u0111\u0103ng k\u00fd:<\/span> Singapore <\/span><\/div><\/div><\/div><\/div><\/div><\/main>\n<script>\n    document.addEventListener(\"DOMContentLoaded\", function () {\n        var showMoreBtn = document.querySelector(\".show-more-btn\");\n        var checkboxes = document.querySelectorAll(\".checklist label\");\n\n        showMoreBtn.addEventListener(\"click\", function () {\n            for (var i = 4; i < checkboxes.length; i++) {\n                checkboxes[i].classList.toggle(\"hidden\");\n            }\n            \n \u00a0 \u00a0 \u00a0 \u00a0 \u00a0 \u00a0if (showMoreBtn.textContent === \"Xem th\u00eam\") {\n \u00a0 \u00a0 \u00a0 \u00a0 \u00a0 \u00a0 \u00a0 \u00a0showMoreBtn.textContent = \"Thu g\u1ecdn\";\n            } else {\n                showMoreBtn.textContent = \"Xem th\u00eam\";\n            }\n        });\n    });\n<\/script>\n  \t\t<div class=\"elementor-shortcode\"><\/div>\n\t\t\t\t\t\t<\/div>\n\t\t\t\t<\/div>\n\t\t\t\t\t<\/div>\n\t\t\t\t<\/div>\n\t\t<div class=\"elementor-element elementor-element-00c0c6d e-flex e-con-boxed e-con e-parent\" data-id=\"00c0c6d\" data-element_type=\"container\" data-settings=\"{&quot;_ha_eqh_enable&quot;:false}\">\n\t\t\t\t\t<div class=\"e-con-inner\">\n\t\t\t\t<div class=\"elementor-element elementor-element-5559b88 elementor-widget elementor-widget-spacer\" data-id=\"5559b88\" data-element_type=\"widget\" data-widget_type=\"spacer.default\">\n\t\t\t\t<div class=\"elementor-widget-container\">\n\t\t\t\t\t\t\t<div class=\"elementor-spacer\">\n\t\t\t<div class=\"elementor-spacer-inner\"><\/div>\n\t\t<\/div>\n\t\t\t\t\t\t<\/div>\n\t\t\t\t<\/div>\n\t\t\t\t\t<\/div>\n\t\t\t\t<\/div>\n\t\t\t\t<\/div>\n\t\t","protected":false},"excerpt":{"rendered":"<p>D\u1ef0 \u00c1N \u0110\u00c3 \u0110\u1ea6U T\u01af<\/p>\n","protected":false},"author":1,"featured_media":0,"parent":0,"menu_order":0,"comment_status":"closed","ping_status":"closed","template":"elementor_header_footer","meta":{"inline_featured_image":false,"footnotes":""},"class_list":["post-93","page","type-page","status-publish","hentry"],"acf":[],"_links":{"self":[{"href":"https:\/\/investinthanhhoa.gov.vn\/vi\/wp-json\/wp\/v2\/pages\/93","targetHints":{"allow":["GET"]}}],"collection":[{"href":"https:\/\/investinthanhhoa.gov.vn\/vi\/wp-json\/wp\/v2\/pages"}],"about":[{"href":"https:\/\/investinthanhhoa.gov.vn\/vi\/wp-json\/wp\/v2\/types\/page"}],"author":[{"embeddable":true,"href":"https:\/\/investinthanhhoa.gov.vn\/vi\/wp-json\/wp\/v2\/users\/1"}],"replies":[{"embeddable":true,"href":"https:\/\/investinthanhhoa.gov.vn\/vi\/wp-json\/wp\/v2\/comments?post=93"}],"version-history":[{"count":3,"href":"https:\/\/investinthanhhoa.gov.vn\/vi\/wp-json\/wp\/v2\/pages\/93\/revisions"}],"predecessor-version":[{"id":12574,"href":"https:\/\/investinthanhhoa.gov.vn\/vi\/wp-json\/wp\/v2\/pages\/93\/revisions\/12574"}],"wp:attachment":[{"href":"https:\/\/investinthanhhoa.gov.vn\/vi\/wp-json\/wp\/v2\/media?parent=93"}],"curies":[{"name":"wp","href":"https:\/\/api.w.org\/{rel}","templated":true}]}}